{"id":1037,"date":"2026-02-10T21:31:22","date_gmt":"2026-02-10T20:31:22","guid":{"rendered":"https:\/\/alienation-parentale.be\/?page_id=1037"},"modified":"2026-04-22T20:47:38","modified_gmt":"2026-04-22T18:47:38","slug":"membership-join","status":"publish","type":"page","link":"https:\/\/alienation-parentale.be\/?page_id=1037","title":{"rendered":"Rejoignez-nous !"},"content":{"rendered":"<p>Que vous soyez <strong>victime d&rsquo;ali\u00e9nation parentale ou<\/strong> que vous voulez <strong>soutenir notre mouvement<\/strong>, pour votre adh\u00e9sion, nous vous offrons :<\/p>\n<ol>\n<li>une <strong>adh\u00e9sion anonyme<\/strong> \u00e0 tout membre (sauf l&rsquo;administrateur pour des raisons l\u00e9gales)<\/li>\n<li>notre <strong>lobbying<\/strong> aupr\u00e8s des instances politiques, judiciaires et experts psychologues<\/li>\n<li>notre communication pour <strong>faire conna\u00eetre l&rsquo;ali\u00e9nation parental<\/strong>e et ses cons\u00e9quences n\u00e9fastes<\/li>\n<li>l&rsquo;acc\u00e8s \u00e0 notre <strong>chat de support mutuel<\/strong> afin d&rsquo;\u00e9changer de mani\u00e8re anonyme avec les autres membres<\/li>\n<li>nos <strong>recommandations d&rsquo;attitude<\/strong> \u00e0 avoir face \u00e0 l&rsquo;ali\u00e9nation parentale<\/li>\n<li>l&rsquo;acc\u00e8s \u00e0 notre <strong>documentation juridique et psychologique<\/strong> sur l&rsquo;ali\u00e9nation parentale<\/li>\n<li>l&rsquo;acc\u00e8s \u00e0 une <strong>aide personnalis\u00e9e<\/strong> pour pr\u00e9parer vos dossiers avant d&rsquo;aller chez un avocat (participation aux frais demand\u00e9e)<\/li>\n<li>l&rsquo;acc\u00e8s \u00e0 notre <strong>premi\u00e8re aide d&rsquo;urgence<\/strong><\/li>\n<li>La possibilit\u00e9 de <strong>laisser votre avis anonyme ou d&rsquo;en consulter un <\/strong>\u00e0 propos de votre Avocat, Juge ou Psychologue<\/li>\n<li>L&rsquo;acc\u00e8s \u00e0 la grille permanente d&rsquo;<strong>\u00e9valuation de la gravit\u00e9 de votre ali\u00e9nation parentale<\/strong><\/li>\n<li>et d&rsquo;autres services en d\u00e9veloppement &#8230;<\/li>\n<\/ol>\n<p>La cotisation pour un adh\u00e9rent de base est de <strong>25\u20ac par an, soit l&rsquo;\u00e9quivalent de 2\u20ac par mois<\/strong>. Pour devenir adh\u00e9rent veuillez cliquer ici :<\/p>\n<div class=\"swpm-payment-button\"><div class=\"swpm-button-wrapper swpm-stripe-buy-now-wrapper\"><form id='swpm-stripe-payment-form-2f6ddd4e3149146abd72979f0906d6b2' action='https:\/\/alienation-parentale.be\/?swpm_process_stripe_sca_subscription=1&ref_id=swpm_2f6ddd4e3149146abd72979f0906d6b2|1141' METHOD='POST'> <div style='display: none !important'>\t<script>\n        document.addEventListener('DOMContentLoaded', function (){\n            const swpmStripeScaSubsPaymentFrom = document.getElementById('swpm-stripe-payment-form-2f6ddd4e3149146abd72979f0906d6b2');\n            swpmStripeScaSubsPaymentFrom?.addEventListener('submit', async function (e){\n                e.preventDefault();\n\n                let submitBUtton = this.querySelector('button');\n                if ( ! submitBUtton ){\n                    \/\/ Using image type button\n                    submitBUtton = this.querySelector('input[type=\"image\"]');\n                }\n\n                submitBUtton?.setAttribute('disabled', true);\n\n\t            const stripe_js_obj = stripe_1141;\n                const request_url = 'https:\/\/alienation-parentale.be\/wp-admin\/admin-ajax.php';\n                const payload = new URLSearchParams({\n                    action: 'swpm_stripe_sca_create_checkout_session',\n                    swpm_button_id: 1141,\n                    payment_method_types: '',\n                    swpm_page_url: 'https:\/\/alienation-parentale.be\/index.php',\n                    swpm_uniqid: '2f6ddd4e3149146abd72979f0906d6b2'\n                });\n\n                try {\n                    let response = await fetch(request_url, {\n                        method: 'POST',\n                        headers: {\n                            'Content-Type': 'application\/x-www-form-urlencoded',\n                        },\n                        body: payload\n                    })\n\n                    if (!response.ok) {\n                        \/\/ HTTP error codes (e.g. 404, 500)\n                        throw new Error(\"Error code: \" + response.status);\n                    }\n\n                    response = await response.json();\n\n                    if (!response.error) {\n                        stripe_js_obj.redirectToCheckout({\n                            sessionId: response.session_id\n                        }).then(function (result) {\n                            \/\/\n                        });\n                    } else {\n                        alert(response.error);\n                        submitBUtton?.removeAttribute('disabled');\n                        return false;\n                    }\n\n                } catch (e) {\n                    alert(\"HTTP error occurred during AJAX request. Error: \"+ e.message);\n                    submitBUtton?.removeAttribute('disabled');\n                    return false;\n                }\n            })\n        })\n\t<\/script>\n\t<\/div><input type=\"image\" src=\"https:\/\/alienation-parentale.be\/wp-content\/uploads\/2026\/03\/bouton-jadhere-a-NAPABEL-.png\" class=\"stripe-button-el\" alt=\"Payer maintenant\" title=\"Payer maintenant\" \/><\/form><\/div><\/div>\n\t<div class=\"asp_product_item\">\n\t\t<div class=\"asp_product_item_top\">\n\t\t<div class=\"asp_product_item_thumbnail\">\n\t\t\t\n\t\t<\/div>\n\t\t<div class=\"asp_product_name\">\n\t\t\tJe veux contribuer de mani\u00e8re plus importante et devenir m\u00e9c\u00e8ne de NAPABEL (min 250\u20ac)\n\t\t<\/div>\n\t\t<\/div>\n\t\t<div style=\"clear:both;\"><\/div>\n\t\t<div class=\"asp_product_description\">\n\t\t\n\t\t<\/div>\n\t\t<div class=\"asp_price_container\">\n\t\t<span class=\"asp_price_amount\"><\/span> <span class=\"asp_new_price_amount\"><\/span> <span class=\"asp_quantity\"><\/span>\n\t\t<div class=\"asp_under_price_line\"><\/div>\n\t\t<\/div>\n\t\t<div class=\"asp_product_buy_button\">\n\t\t<div class=\"asp-processing-cont\" style=\"display:none;\"><span class=\"asp-processing\">Processing <i>.<\/i><i>.<\/i><i>.<\/i><\/span><\/div><form id=\"asp_ng_form_06a04606c408b3\" class=\"asp-stripe-form\" action=\"\"  method=\"POST\"> <input type=\"hidden\" name=\"asp_product_id\" value=\"1156\" \/><div class=\"asp-child-hidden-fields\" style=\"display: none !important;\"><\/div><\/form><div id=\"asp-all-buttons-container-06a04606c408b3\" class=\"asp_all_buttons_container\"><div class=\"asp_product_buy_btn_container\"><button id=\"asp_ng_button_06a04606c408b3\" type=\"submit\" class=\"asp_product_buy_btn blue\" ><span>Je clique ici pour devenir m\u00e9c\u00e8ne de NAPABEL<\/span><\/button><\/div><noscript>Stripe Payments n\u00e9cessite que Javascript soit pris en charge par le navigateur pour fonctionner.<\/noscript><\/div><div id=\"asp-btn-spinner-container-06a04606c408b3\" class=\"asp-btn-spinner-container\" style=\"display: none !important\"><div class=\"asp-btn-spinner\"><div><\/div><div><\/div><div><\/div><div><\/div><\/div><\/div><script>var asp_data_06a04606c408b3 = {\"is_live\":true,\"product_id\":1156,\"iframe_url\":\"https:\\\/\\\/alienation-parentale.be\\\/?asp_action=show_pp&product_id=1156\",\"button_key\":\"94760f67d0f9798971005642321529c6\",\"item_price\":0,\"quantity\":1,\"custom_quantity\":\"\",\"description\":\"\",\"descrGenerated\":false,\"shipping\":0,\"tax\":0,\"image\":\"\",\"currency\":\"EUR\",\"currency_variable\":\"1\",\"locale\":\"auto\",\"name\":\"Je veux contribuer de mani\\u00e8re plus importante et devenir m\\u00e9c\\u00e8ne de NAPABEL (min 250\\u20ac)\",\"url\":\"\",\"amount\":0,\"billingAddress\":true,\"shippingAddress\":false,\"customer_email\":\"\",\"uniq_id\":\"06a04606c408b3\",\"variable\":true,\"zeroCents\":[\"JPY\",\"MGA\",\"VND\",\"KRW\"],\"addonHooks\":[\"recaptcha\"],\"button_text\":\"Je clique ici pour devenir m\\u00e9c\\u00e8ne de NAPABEL\",\"out_of_stock\":false,\"stock_control_enabled\":false,\"stock_items\":0,\"currencyFormat\":{\"c\":2,\"d\":\",\",\"t\":\".\",\"s\":\"\\u20ac\",\"pos\":\"left\"},\"displayStr\":{\"tax\":\"%s (tva)\",\"ship\":\"%s (livraison)\"},\"thankyou_page_url\":\"aHR0cHM6Ly9hbGllbmF0aW9uLXBhcmVudGFsZS5iZS8\\\/cGFnZV9pZD0xMDQ0\",\"show_custom_amount_input\":false,\"recaptchaSiteKey\":\"6LeOg10sAAAAANdRx7ym9p8k5_vjhO9JTDkxO0L6\"};if(typeof jQuery!==\"undefined\") {jQuery(document).ready(function() {new stripeHandlerNG(asp_data_06a04606c408b3);});} else { if (typeof wpaspInitOnDocReady===\"undefined\") {var wpaspInitOnDocReady=[];} wpaspInitOnDocReady.push(asp_data_06a04606c408b3);}<\/script>\n\t\t<\/div>\n\t<\/div>\n\t\n","protected":false},"excerpt":{"rendered":"<p>Je veux contribuer de mani\u00e8re plus importante et devenir m\u00e9c\u00e8ne de NAPABEL (min 250\u20ac)<\/p>\n","protected":false},"author":2,"featured_media":0,"parent":0,"menu_order":0,"comment_status":"closed","ping_status":"closed","template":"","meta":{"_monsterinsights_skip_tracking":false,"_monsterinsights_sitenote_active":false,"_monsterinsights_sitenote_note":"","_monsterinsights_sitenote_category":0,"footnotes":""},"class_list":["post-1037","page","type-page","status-publish","hentry"],"jetpack_sharing_enabled":true,"_links":{"self":[{"href":"https:\/\/alienation-parentale.be\/index.php?rest_route=\/wp\/v2\/pages\/1037","targetHints":{"allow":["GET"]}}],"collection":[{"href":"https:\/\/alienation-parentale.be\/index.php?rest_route=\/wp\/v2\/pages"}],"about":[{"href":"https:\/\/alienation-parentale.be\/index.php?rest_route=\/wp\/v2\/types\/page"}],"author":[{"embeddable":true,"href":"https:\/\/alienation-parentale.be\/index.php?rest_route=\/wp\/v2\/users\/2"}],"replies":[{"embeddable":true,"href":"https:\/\/alienation-parentale.be\/index.php?rest_route=%2Fwp%2Fv2%2Fcomments&post=1037"}],"version-history":[{"count":23,"href":"https:\/\/alienation-parentale.be\/index.php?rest_route=\/wp\/v2\/pages\/1037\/revisions"}],"predecessor-version":[{"id":1362,"href":"https:\/\/alienation-parentale.be\/index.php?rest_route=\/wp\/v2\/pages\/1037\/revisions\/1362"}],"wp:attachment":[{"href":"https:\/\/alienation-parentale.be\/index.php?rest_route=%2Fwp%2Fv2%2Fmedia&parent=1037"}],"curies":[{"name":"wp","href":"https:\/\/api.w.org\/{rel}","templated":true}]}}