{"id":118,"date":"2024-07-20T15:56:20","date_gmt":"2024-07-20T13:56:20","guid":{"rendered":"https:\/\/alienation-parentale.be\/?page_id=118"},"modified":"2024-07-20T17:15:48","modified_gmt":"2024-07-20T15:15:48","slug":"le-conflit-de-loyaute","status":"publish","type":"page","link":"https:\/\/alienation-parentale.be\/?page_id=118","title":{"rendered":"Le conflit de loyaut\u00e9"},"content":{"rendered":"\n<p>Selon le site <a href=\"https:\/\/naitreetgrandir.com\/fr\/etape\/3-5-ans\/vie-famille\/eviter-conflits-loyaute\/\" data-type=\"link\" data-id=\"https:\/\/naitreetgrandir.com\/fr\/etape\/3-5-ans\/vie-famille\/eviter-conflits-loyaute\/\" target=\"_blank\" rel=\"noreferrer noopener\">\u00ab\u00a0Na\u00eetre et Grandir\u00a0\u00bb<\/a> :<\/p>\n\n\n\n<p>\u00ab\u00a0Le conflit de loyaut\u00e9 est un&nbsp;<strong>sentiment inconfortable et nuisible que l\u2019enfant ressent lorsqu\u2019il a l\u2019impression de devoir prendre parti&nbsp;<\/strong>ou de devoir choisir entre des adultes importants pour lui.<\/p>\n\n\n\n<p>Cela peut se produire parce que sa m\u00e8re et son p\u00e8re sont en dispute ou parce que l\u2019un d\u2019eux d\u00e9nigre les attitudes de l\u2019autre parent, les activit\u00e9s qu\u2019il organise, le choix de son nouveau conjoint ou de sa nouvelle conjointe, ses d\u00e9cisions, etc.<\/p>\n\n\n\n<p>Les critiques au sujet de l\u2019autre parent peuvent \u00eatre&nbsp;<strong>tr\u00e8s \u00e9videntes, alors que d\u2019autres peuvent \u00eatre plus subtiles,<\/strong>&nbsp;comme lever les yeux au ciel lorsque l\u2019enfant parle du film qu\u2019il a vu avec son autre parent ou encore soupirer fortement lorsque l\u2019enfant exprime sa joie d\u2019\u00eatre all\u00e9 manger au restaurant avec lui.<\/p>\n\n\n\n<p>Le conflit de loyaut\u00e9&nbsp;<strong>peut nuire au d\u00e9veloppement de l\u2019<\/strong><a href=\"https:\/\/naitreetgrandir.com\/fr\/etape\/3-5-ans\/comportement\/ik-naitre-grandir-comment-batir-confiance-estime-de-soi-enfant\">estime de soi<\/a><strong>&nbsp;de l\u2019enfant et occasionner un repli sur soi.&nbsp;<\/strong>Il peut aussi entra\u00eener des comportements agressifs et favoriser le d\u00e9veloppement de sentiments anxieux et de&nbsp;<a href=\"javascript:;\">sympt\u00f4mes psychosomatiques<\/a>.\u00a0\u00bb<\/p>\n\n\n\n<p>Dans le cadre de s\u00e9parations avec de hauts conflits parentaux, le Professeur Ivan Boszormenyi-Nagy, psychiatre am\u00e9ricain, insiste sur le drame absolu d&rsquo;\u00eatre priv\u00e9 de relations parentales (=clivage de loyaut\u00e9) sous pr\u00e9texte d&rsquo;\u00e9viter aux enfants le conflit de loyaut\u00e9.  Il est donc important de ne JAMAIS priver un enfant (et inversement) de relation avec un de ses parents.  L&rsquo;enfant a besoin de ses deux parents pour grandir et se construire.<\/p>\n","protected":false},"excerpt":{"rendered":"<p>Selon le site \u00ab\u00a0Na\u00eetre et Grandir\u00a0\u00bb : \u00ab\u00a0Le conflit de loyaut\u00e9 est un&nbsp;sentiment inconfortable et nuisible que l\u2019enfant ressent lorsqu\u2019il a l\u2019impression de devoir prendre parti&nbsp;ou de devoir choisir entre des adultes importants pour lui. Cela peut se produire parce que sa m\u00e8re et son p\u00e8re sont en dispute ou parce que l\u2019un d\u2019eux d\u00e9nigre les attitudes de l\u2019autre&#46;&#46;&#46;<\/p>\n","protected":false},"author":2,"featured_media":0,"parent":0,"menu_order":0,"comment_status":"closed","ping_status":"closed","template":"","meta":{"_monsterinsights_skip_tracking":false,"_monsterinsights_sitenote_active":false,"_monsterinsights_sitenote_note":"","_monsterinsights_sitenote_category":0,"footnotes":""},"class_list":["post-118","page","type-page","status-publish","hentry"],"jetpack_sharing_enabled":true,"_links":{"self":[{"href":"https:\/\/alienation-parentale.be\/index.php?rest_route=\/wp\/v2\/pages\/118","targetHints":{"allow":["GET"]}}],"collection":[{"href":"https:\/\/alienation-parentale.be\/index.php?rest_route=\/wp\/v2\/pages"}],"about":[{"href":"https:\/\/alienation-parentale.be\/index.php?rest_route=\/wp\/v2\/types\/page"}],"author":[{"embeddable":true,"href":"https:\/\/alienation-parentale.be\/index.php?rest_route=\/wp\/v2\/users\/2"}],"replies":[{"embeddable":true,"href":"https:\/\/alienation-parentale.be\/index.php?rest_route=%2Fwp%2Fv2%2Fcomments&post=118"}],"version-history":[{"count":3,"href":"https:\/\/alienation-parentale.be\/index.php?rest_route=\/wp\/v2\/pages\/118\/revisions"}],"predecessor-version":[{"id":145,"href":"https:\/\/alienation-parentale.be\/index.php?rest_route=\/wp\/v2\/pages\/118\/revisions\/145"}],"wp:attachment":[{"href":"https:\/\/alienation-parentale.be\/index.php?rest_route=%2Fwp%2Fv2%2Fmedia&parent=118"}],"curies":[{"name":"wp","href":"https:\/\/api.w.org\/{rel}","templated":true}]}}