{"id":123,"date":"2024-07-20T16:33:55","date_gmt":"2024-07-20T14:33:55","guid":{"rendered":"https:\/\/alienation-parentale.be\/?page_id=123"},"modified":"2026-02-17T01:18:12","modified_gmt":"2026-02-17T00:18:12","slug":"progressivite-du-processus","status":"publish","type":"page","link":"https:\/\/alienation-parentale.be\/?page_id=123","title":{"rendered":"Progressivit\u00e9 du processus"},"content":{"rendered":"\n<p>Marie-France Hirigoyen cite \u00e9galement la journaliste Pascale Robert Diard<sup data-fn=\"e2501134-6713-4c24-891f-844897082612\" class=\"fn\"><a id=\"e2501134-6713-4c24-891f-844897082612-link\" href=\"#e2501134-6713-4c24-891f-844897082612\">1<\/a><\/sup> qui d\u00e9crit fort bien la progressivit\u00e9 du processus d\u2019\u00e9loignement de l\u2019enfant : \u00ab&nbsp;Il y a d\u2019abord un divorce conflictuel, avec les nombreuses proc\u00e9dures qui s\u2019en suivent puis il faut trouver d\u2019autres arguments ce qui am\u00e8ne \u00e0 parler d\u2019attouchements ou de viol et le stade ultime est l\u2019enl\u00e8vement d\u2019enfant avec comme pr\u00e9texte : \u00ab je t\u2019enl\u00e8ve pour te prot\u00e9ger parce que ton p\u00e8re ou ta m\u00e8re est dangereux(se) pour toi \u00bb\u201d.&nbsp;\u00bb<\/p>\n\n\n\n<p>Les phases de l&rsquo;ali\u00e9nation parentale ont \u00e9t\u00e9 th\u00e9oris\u00e9es par <a href=\"https:\/\/www.acalpa.info\/\">ACALPA<\/a> dirig\u00e9e par <a href=\"https:\/\/www.jdpsychologues.fr\/auteurs\/odinetz-olga\">Olga Odinetz<\/a> sur leur site Facebook de mani\u00e8re tr\u00e8s pr\u00e9cise et tr\u00e8s synth\u00e9tique. Voici ces phases :&nbsp;<\/p>\n\n\n\n<blockquote class=\"wp-block-quote is-layout-flow wp-block-quote-is-layout-flow\">\n<p>Comprendre le processus d&rsquo;ali\u00e9nation parentale est essentiel pour pr\u00e9venir et intervenir efficacement. L\u2019ali\u00e9nation parentale se d\u00e9roule souvent en plusieurs phases :<\/p>\n<\/blockquote>\n\n\n\n<blockquote class=\"wp-block-quote is-layout-flow wp-block-quote-is-layout-flow\">\n<ol class=\"wp-block-list\">\n<li>Conflit parental : au c\u0153ur de ce processus, le conflit entre les parents constitue un terreau fertile pour les comportements ali\u00e9nants.<\/li>\n\n\n\n<li>Manipulation de l\u2019enfant : l\u2019un des parents influence activement l\u2019enfant, lui inculquant des perceptions biais\u00e9es ou n\u00e9gatives sur l\u2019autre parent.<\/li>\n\n\n\n<li>Modification des perceptions de l\u2019enfant : l\u2019enfant commence \u00e0 int\u00e9rioriser cette vision biais\u00e9e, alt\u00e9rant son jugement et ses \u00e9motions.<\/li>\n\n\n\n<li>Rejet du parent cibl\u00e9 : progressivement, l\u2019enfant manifeste un rejet de plus en plus marqu\u00e9 envers le parent vis\u00e9.<\/li>\n\n\n\n<li>Rupture de lien : l\u2019\u00e9tape finale est la perte totale du lien, marqu\u00e9e par la coupure relationnelle et affective.<\/li>\n<\/ol>\n<\/blockquote>\n\n\n\n<blockquote class=\"wp-block-quote is-layout-flow wp-block-quote-is-layout-flow\">\n<p>Ces phases illustrent combien la dynamique d\u2019ali\u00e9nation est progressive, touchant profond\u00e9ment l\u2019\u00e9quilibre et la sant\u00e9 \u00e9motionnelle des enfants.&nbsp;<\/p>\n<\/blockquote>\n\n\n\n<p>Le psychiatre Paul Bensussan<sup data-fn=\"a3bc536e-fe4c-45bd-948b-9fd04bf3fb1c\" class=\"fn\"><a id=\"a3bc536e-fe4c-45bd-948b-9fd04bf3fb1c-link\" href=\"#a3bc536e-fe4c-45bd-948b-9fd04bf3fb1c\">2<\/a><\/sup> parle que dans la phase s\u00e9v\u00e8re : \u201cles distorsions cognitives et les croyances erron\u00e9es concernant le pass\u00e9 ou le parent rejet\u00e9 vont jusqu\u2019\u00e0 l\u2019effacement progressif des bons souvenirs avec la conviction in\u00e9branlable d\u2019une r\u00e9alit\u00e9 fantasm\u00e9 et d\u2019un pass\u00e9 remani\u00e9. La m\u00e9taphore informatique s\u2019impose d\u2019elle-m\u00eame c\u2019est un \u00ab reformatage \u00bb du disque dur de la m\u00e9moire et de l\u2019affectivit\u00e9 dont il s\u2019agit\u201d.<\/p>\n\n\n\n<p>Le <a href=\"https:\/\/www.parentalalienationeducation.com\/speaker\/douglas-darnall-bio\/\">Pr. Douglas Darnall Phd<\/a><a href=\"http:\/\/LA PRATIQUE EXPERTALE ET JURIDIQUE DANS LE SYNDROME D\u2019ALI\u00c9NATION PARENTALE : ETUDE DESCRIPTIVE DE 15 DOSSIERS D\u2019ASSISTANCE EDUCATIVE OUVERTS AU TRIBUNAL POUR ENFANTS DE\" target=\"_blank\" rel=\"noreferrer noopener\"> <sup data-fn=\"8b688455-5bd3-4423-95a5-bda1d86cc048\" class=\"fn\"><\/sup><\/a><a id=\"8b688455-5bd3-4423-95a5-bda1d86cc048-link\" href=\"#8b688455-5bd3-4423-95a5-bda1d86cc048\">3<\/a> est celui  qui a le mieux r\u00e9ussi \u00e0 d\u00e9finir les diff\u00e9rents stades de mani\u00e8re limpide : <\/p>\n\n\n\n<ul class=\"wp-block-list\">\n<li><strong><mark style=\"background-color:rgba(0, 0, 0, 0);color:#ff7ac3\" class=\"has-inline-color\">L\u2019ali\u00e9nation na\u00efve<\/mark><\/strong><br>Dans cette forme, le parent est passif et il peut avoir occasionnellement des<br>comportements inconscients ali\u00e9nant ou renfor\u00e7ant l\u2019ali\u00e9nation de l\u2019enfant. Tous les<br>parents sont susceptibles d\u2019avoir ces agissements \u00e0 la suite d\u2019une d\u00e9sunion. Le souhait<br>du parent n\u2019est pas de modifier la relation de l\u2019enfant avec son ex-compagn-on(-e).<\/li>\n\n\n\n<li><strong><mark style=\"background-color:rgba(0, 0, 0, 0);color:#ff7ac3\" class=\"has-inline-color\">L\u2019ali\u00e9nation active<\/mark><\/strong><br>La blessure narcissique et la col\u00e8re occasionn\u00e9es par la rupture sont toujours tr\u00e8s<br>pr\u00e9sentes. Dans ce contexte, le parent perd le contr\u00f4le de ses propos sur son ex-conjoint.<br>Cependant, ces mouvements impulsifs suscitent un sentiment de culpabilit\u00e9.<\/li>\n\n\n\n<li><strong><mark style=\"background-color:rgba(0, 0, 0, 0);color:#ff7ac3\" class=\"has-inline-color\">L\u2019ali\u00e9nation-obsession<\/mark><\/strong><br>Le parent ali\u00e9nant a pour objectif ultime de d\u00e9truire l\u2019autre et la relation entre ce<br>dernier et leur enfant. L\u2019auteur consid\u00e8re que ce parent part en croisade pour prot\u00e9ger<br>son enfant de son deuxi\u00e8me parent. Il est persuad\u00e9 que sa cause est justifi\u00e9e. Pourtant,<br>son action est bas\u00e9e sur des croyances irrationnelles. Fr\u00e9quemment, ces personnes<br>recherchent du soutien ext\u00e9rieur aupr\u00e8s d\u2019avocats ou d\u2019experts qui viendront les<br>conforter dans leurs postions. Dans les cas o\u00f9 ces professionnels expriment une<br>remise en cause de leurs discours, ces parents se passent de leurs services. Ces<br>situations sont extr\u00eamement p\u00e9rilleuses pour la justice et ces parents n\u2019ont pas<br>conscience de la souffrance g\u00e9n\u00e9r\u00e9e chez leurs prog\u00e9nitures.<\/li>\n<\/ul>\n\n\n<ol class=\"wp-block-footnotes\"><li id=\"e2501134-6713-4c24-891f-844897082612\">Marie-France Hirigoyen<em>, \u00ab S\u00e9parations avec enfants \u00bb<\/em>, \u00c9ditions La D\u00e9couverte, Paris, 2024 <a href=\"#e2501134-6713-4c24-891f-844897082612-link\" aria-label=\"Aller \u00e0 la note de bas de page 1\">\u21a9\ufe0e<\/a><\/li><li id=\"a3bc536e-fe4c-45bd-948b-9fd04bf3fb1c\">Dr Roland Broca et Olga Odinetz : \u00ab S\u00e9parations conflictuelle et ali\u00e9nation parentale &#8211; Enfants en danger \u00bb 3\u00e8me \u00e9dition revue et augment\u00e9e, <em>\u00c9dition Chronique Sociale<\/em>, 2022, p44<br> <a href=\"#a3bc536e-fe4c-45bd-948b-9fd04bf3fb1c-link\" aria-label=\"Aller \u00e0 la note de bas de page 2\">\u21a9\ufe0e<\/a><\/li><li id=\"8b688455-5bd3-4423-95a5-bda1d86cc048\"><a href=\"https:\/\/www.linkedin.com\/in\/warda-si-mohammed-b52487105\/\">Warda Si Mohammed<\/a> &#8211; LA PRATIQUE EXPERTALE ET JURIDIQUE DANS LE SYNDROME D\u2019ALI\u00c9NATION PARENTALE &#8211; 2016 <a href=\"#8b688455-5bd3-4423-95a5-bda1d86cc048-link\" aria-label=\"Aller \u00e0 la note de bas de page 3\">\u21a9\ufe0e<\/a><\/li><\/ol>\n\n\n<p><\/p>\n","protected":false},"excerpt":{"rendered":"<p>Marie-France Hirigoyen cite \u00e9galement la journaliste Pascale Robert Diard1 qui d\u00e9crit fort bien la progressivit\u00e9 du processus d\u2019\u00e9loignement de l\u2019enfant : \u00ab&nbsp;Il y a d\u2019abord un divorce conflictuel, avec les nombreuses proc\u00e9dures qui s\u2019en suivent puis il faut trouver d\u2019autres arguments ce qui am\u00e8ne \u00e0 parler d\u2019attouchements ou de viol et le stade ultime est l\u2019enl\u00e8vement d\u2019enfant avec comme&#46;&#46;&#46;<\/p>\n","protected":false},"author":2,"featured_media":0,"parent":0,"menu_order":0,"comment_status":"closed","ping_status":"closed","template":"","meta":{"_monsterinsights_skip_tracking":false,"_monsterinsights_sitenote_active":false,"_monsterinsights_sitenote_note":"","_monsterinsights_sitenote_category":0,"footnotes":"[{\"content\":\"Marie-France Hirigoyen<em>, \u00ab S\u00e9parations avec enfants \u00bb<\/em>, \u00c9ditions La D\u00e9couverte, Paris, 2024\",\"id\":\"e2501134-6713-4c24-891f-844897082612\"},{\"content\":\"Dr Roland Broca et Olga Odinetz : \u00ab S\u00e9parations conflictuelle et ali\u00e9nation parentale - Enfants en danger \u00bb 3\u00e8me \u00e9dition revue et augment\u00e9e, <em>\u00c9dition Chronique Sociale<\/em>, 2022, p44<br>\",\"id\":\"a3bc536e-fe4c-45bd-948b-9fd04bf3fb1c\"},{\"content\":\"<a href=\\\"https:\/\/www.linkedin.com\/in\/warda-si-mohammed-b52487105\/\\\">Warda Si Mohammed<\/a> - LA PRATIQUE EXPERTALE ET JURIDIQUE DANS LE SYNDROME D\u2019ALI\u00c9NATION PARENTALE - 2016\",\"id\":\"8b688455-5bd3-4423-95a5-bda1d86cc048\"}]"},"class_list":["post-123","page","type-page","status-publish","hentry"],"jetpack_sharing_enabled":true,"_links":{"self":[{"href":"https:\/\/alienation-parentale.be\/index.php?rest_route=\/wp\/v2\/pages\/123","targetHints":{"allow":["GET"]}}],"collection":[{"href":"https:\/\/alienation-parentale.be\/index.php?rest_route=\/wp\/v2\/pages"}],"about":[{"href":"https:\/\/alienation-parentale.be\/index.php?rest_route=\/wp\/v2\/types\/page"}],"author":[{"embeddable":true,"href":"https:\/\/alienation-parentale.be\/index.php?rest_route=\/wp\/v2\/users\/2"}],"replies":[{"embeddable":true,"href":"https:\/\/alienation-parentale.be\/index.php?rest_route=%2Fwp%2Fv2%2Fcomments&post=123"}],"version-history":[{"count":11,"href":"https:\/\/alienation-parentale.be\/index.php?rest_route=\/wp\/v2\/pages\/123\/revisions"}],"predecessor-version":[{"id":1113,"href":"https:\/\/alienation-parentale.be\/index.php?rest_route=\/wp\/v2\/pages\/123\/revisions\/1113"}],"wp:attachment":[{"href":"https:\/\/alienation-parentale.be\/index.php?rest_route=%2Fwp%2Fv2%2Fmedia&parent=123"}],"curies":[{"name":"wp","href":"https:\/\/api.w.org\/{rel}","templated":true}]}}