{"id":124,"date":"2024-07-20T16:17:47","date_gmt":"2024-07-20T14:17:47","guid":{"rendered":"https:\/\/alienation-parentale.be\/?page_id=124"},"modified":"2024-07-20T16:17:47","modified_gmt":"2024-07-20T14:17:47","slug":"manipulation-de-lenfant-par-le-parent-alienant","status":"publish","type":"page","link":"https:\/\/alienation-parentale.be\/?page_id=124","title":{"rendered":"Manipulation de l&rsquo;enfant par le parent ali\u00e9nant"},"content":{"rendered":"\n<p>Le Dr Roland Broca<sup data-fn=\"0819772e-dd2f-4224-8e24-e463c8dc5374\" class=\"fn\"><a href=\"#0819772e-dd2f-4224-8e24-e463c8dc5374\" id=\"0819772e-dd2f-4224-8e24-e463c8dc5374-link\">1<\/a><\/sup> signale que \u201cle parent ali\u00e9nant veut donc \u00e9liminer l\u2019autre et garder l\u2019exclusivit\u00e9 de ses enfants\u201d.\u00a0 Il continue en expliquant que \u201cL\u2019enfant est tr\u00e8s sensible et tr\u00e8s perm\u00e9able, \u00e0 tout ce que peut lui dire l\u2019adulte, dont la parole qui ne peut \u00eatre que vraie, et qui rel\u00e8ve, pour lui, de la certitude.\u00a0 On est l\u00e0 en pr\u00e9sence d\u2019une croyance \u00e0 caract\u00e8re religieux.\u00a0 L\u2019enfant ne doute pas a priori de l\u2019adulte.\u00a0 Si l\u2019adulte lui dit dans un certain contexte quelque chose, il va le croire.\u00a0 Il n\u2019a aucune raison de ne pas le croire car il n\u2019a encore l\u2019esprit critique suffisamment d\u00e9velopp\u00e9.\u00a0 De plus, s\u2019il critique l\u2019autre, il n\u2019est plus dans le processus d\u2019identification, ce qui n\u2019est pas rassurant du tout.\u00a0 Il a beaucoup plus int\u00e9r\u00eat \u00e0 croire l\u2019autre, ce qui le rassure car les choses dans ce cas-l\u00e0 sont claires pour lui \u00e0 un instant donn\u00e9, m\u00eame s\u2019il subsiste des doutes ou des interrogations sur la validit\u00e9 de ce choix.\u00a0 Cela concerne ce ph\u00e9nom\u00e8ne dit de l\u2019emprise.\u00a0 L\u2019enfant va \u00eatre de facto \u201csous emprise\u201d.<\/p>\n\n\n\n<p>Le parent ali\u00e9nant r\u00e9ussit \u00e0 faire croire que le soutenir, c\u2019est rendre justice, c\u2019est prot\u00e9ger l\u2019enfant et que c\u2019est l\u2019autre qui est dangereux. Et puisqu\u2019il faut bien \u00e9couter la parole de l\u2019enfant, celui qui dit \u201cJe veux vivre avec tel parent\u201d est le plus souvent entendu du juge.\u201d<\/p>\n\n\n<ol class=\"wp-block-footnotes\"><li id=\"0819772e-dd2f-4224-8e24-e463c8dc5374\">Dr Roland Broca et Olga Odinetz : \u00ab S\u00e9parations conflictuelle et ali\u00e9nation parentale &#8211; Enfants en danger \u00bb 3\u00e8me \u00e9dition revue et augment\u00e9e, <em>\u00c9dition Chronique Sociale<\/em>, 2022, p.69-79 <a href=\"#0819772e-dd2f-4224-8e24-e463c8dc5374-link\" aria-label=\"Aller \u00e0 la note de bas de page 1\">\u21a9\ufe0e<\/a><\/li><\/ol>\n\n\n<p><br><\/p>\n","protected":false},"excerpt":{"rendered":"<p>Le Dr Roland Broca signale que \u201cle parent ali\u00e9nant veut donc \u00e9liminer l\u2019autre et garder l\u2019exclusivit\u00e9 de ses enfants\u201d.\u00a0 Il continue en expliquant que \u201cL\u2019enfant est tr\u00e8s sensible et tr\u00e8s perm\u00e9able, \u00e0 tout ce que peut lui dire l\u2019adulte, dont la parole qui ne peut \u00eatre que vraie, et qui rel\u00e8ve, pour lui, de la certitude.\u00a0 On est l\u00e0&#46;&#46;&#46;<\/p>\n","protected":false},"author":2,"featured_media":0,"parent":0,"menu_order":0,"comment_status":"closed","ping_status":"closed","template":"","meta":{"_monsterinsights_skip_tracking":false,"_monsterinsights_sitenote_active":false,"_monsterinsights_sitenote_note":"","_monsterinsights_sitenote_category":0,"footnotes":"[{\"content\":\"Dr Roland Broca et Olga Odinetz : \u00ab S\u00e9parations conflictuelle et ali\u00e9nation parentale - Enfants en danger \u00bb 3\u00e8me \u00e9dition revue et augment\u00e9e, <em>\u00c9dition Chronique Sociale<\/em>, 2022, p.69-79\",\"id\":\"0819772e-dd2f-4224-8e24-e463c8dc5374\"}]"},"class_list":["post-124","page","type-page","status-publish","hentry"],"jetpack_sharing_enabled":true,"_links":{"self":[{"href":"https:\/\/alienation-parentale.be\/index.php?rest_route=\/wp\/v2\/pages\/124","targetHints":{"allow":["GET"]}}],"collection":[{"href":"https:\/\/alienation-parentale.be\/index.php?rest_route=\/wp\/v2\/pages"}],"about":[{"href":"https:\/\/alienation-parentale.be\/index.php?rest_route=\/wp\/v2\/types\/page"}],"author":[{"embeddable":true,"href":"https:\/\/alienation-parentale.be\/index.php?rest_route=\/wp\/v2\/users\/2"}],"replies":[{"embeddable":true,"href":"https:\/\/alienation-parentale.be\/index.php?rest_route=%2Fwp%2Fv2%2Fcomments&post=124"}],"version-history":[{"count":1,"href":"https:\/\/alienation-parentale.be\/index.php?rest_route=\/wp\/v2\/pages\/124\/revisions"}],"predecessor-version":[{"id":126,"href":"https:\/\/alienation-parentale.be\/index.php?rest_route=\/wp\/v2\/pages\/124\/revisions\/126"}],"wp:attachment":[{"href":"https:\/\/alienation-parentale.be\/index.php?rest_route=%2Fwp%2Fv2%2Fmedia&parent=124"}],"curies":[{"name":"wp","href":"https:\/\/api.w.org\/{rel}","templated":true}]}}