{"id":1368,"date":"2026-04-24T12:25:55","date_gmt":"2026-04-24T10:25:55","guid":{"rendered":"https:\/\/alienation-parentale.be\/?page_id=1368"},"modified":"2026-04-24T12:48:04","modified_gmt":"2026-04-24T10:48:04","slug":"temoignages","status":"publish","type":"page","link":"https:\/\/alienation-parentale.be\/?page_id=1368","title":{"rendered":"T\u00e9moignages"},"content":{"rendered":"\n<p>Afin de prot\u00e9ger les t\u00e9moins de r\u00e9pressions de leur opposants, tous les t\u00e9moignages sont publi\u00e9s de mani\u00e8re anonyme.<\/p>\n\n\n<div class=\"ose-youtube ose-uid-07f6d1dc899ebe864781e172f13a8195 ose-embedpress-responsive\" style=\"width:1000px; height:1000px; max-height:1000px; max-width:100%; display:inline-block;\" data-embed-type=\"Youtube\"><iframe loading=\"lazy\" allowFullScreen=\"true\" title=\"Napabel T\u00e9moignages de parents victimes d&#039;ali\u00e9nation parentale\" width=\"1000\" height=\"1000\" src=\"https:\/\/www.youtube.com\/embed\/3VKdDH3LxDk?feature=oembed&color=red&rel=0&controls=1&start=&end=&fs=0&iv_load_policy=0&autoplay=0&mute=0&modestbranding=0&cc_load_policy=1&playsinline=1\" frameborder=\"0\" allow=\"accelerometer; encrypted-media;accelerometer;autoplay;clipboard-write;gyroscope;picture-in-picture clipboard-write; encrypted-media; gyroscope; picture-in-picture; web-share\" referrerpolicy=\"strict-origin-when-cross-origin\" allowfullscreen><\/iframe><\/div>\n","protected":false},"excerpt":{"rendered":"<p>Afin de prot\u00e9ger les t\u00e9moins de r\u00e9pressions de leur opposants, tous les t\u00e9moignages sont publi\u00e9s de mani\u00e8re anonyme.<\/p>\n","protected":false},"author":2,"featured_media":0,"parent":0,"menu_order":0,"comment_status":"closed","ping_status":"closed","template":"","meta":{"_monsterinsights_skip_tracking":false,"_monsterinsights_sitenote_active":false,"_monsterinsights_sitenote_note":"","_monsterinsights_sitenote_category":0,"footnotes":""},"class_list":["post-1368","page","type-page","status-publish","hentry"],"jetpack_sharing_enabled":true,"_links":{"self":[{"href":"https:\/\/alienation-parentale.be\/index.php?rest_route=\/wp\/v2\/pages\/1368","targetHints":{"allow":["GET"]}}],"collection":[{"href":"https:\/\/alienation-parentale.be\/index.php?rest_route=\/wp\/v2\/pages"}],"about":[{"href":"https:\/\/alienation-parentale.be\/index.php?rest_route=\/wp\/v2\/types\/page"}],"author":[{"embeddable":true,"href":"https:\/\/alienation-parentale.be\/index.php?rest_route=\/wp\/v2\/users\/2"}],"replies":[{"embeddable":true,"href":"https:\/\/alienation-parentale.be\/index.php?rest_route=%2Fwp%2Fv2%2Fcomments&post=1368"}],"version-history":[{"count":3,"href":"https:\/\/alienation-parentale.be\/index.php?rest_route=\/wp\/v2\/pages\/1368\/revisions"}],"predecessor-version":[{"id":1374,"href":"https:\/\/alienation-parentale.be\/index.php?rest_route=\/wp\/v2\/pages\/1368\/revisions\/1374"}],"wp:attachment":[{"href":"https:\/\/alienation-parentale.be\/index.php?rest_route=%2Fwp%2Fv2%2Fmedia&parent=1368"}],"curies":[{"name":"wp","href":"https:\/\/api.w.org\/{rel}","templated":true}]}}