{"id":150,"date":"2024-07-22T16:32:13","date_gmt":"2024-07-22T14:32:13","guid":{"rendered":"https:\/\/alienation-parentale.be\/?page_id=150"},"modified":"2024-08-31T01:53:53","modified_gmt":"2024-08-30T23:53:53","slug":"bibliographie","status":"publish","type":"page","link":"https:\/\/alienation-parentale.be\/?page_id=150","title":{"rendered":"Bibliographie"},"content":{"rendered":"\n<p>Broca Roland et&nbsp; Odinetz Olga : \u00ab S\u00e9parations conflictuelle et ali\u00e9nation parentale &#8211; Enfants en danger \u00bb 3\u00e8me \u00e9dition revue et augment\u00e9e, \u00c9dition Chronique Sociale, 2022<\/p>\n\n\n\n<p>Ducommun-Nagy Catherine : \u201cComprendre les loyaut\u00e9s familiales \u00e0 travers l\u2019oeuvre d\u2019Ivan Boszormenyi-Nagy\u201d, <em>Enfances &amp; Psy, <\/em>2012\/3 (n\u00b056), pages 15 \u00e0 25<\/p>\n\n\n\n<p><\/p>\n\n\n\n<p>Gardner Richard Alan , The Parental Alienation Syndrome and the Differentiation Between Fabricated and Genuine Child Sex Abuse. Creative Therapeutics, 1985<\/p>\n\n\n\n<p>Hayes Jean-Yves et Kinoo Philippe, \u201cAli\u00e9nation parentale: un concept \u00e0 haute risque\u201d, <em>Revue du droit familial<\/em>, 2005<\/p>\n\n\n\n<p>Hirigoyen Marie-France, \u00ab S\u00e9parations avec enfants \u00bb,<em> \u00c9ditions La D\u00e9couverte<\/em>, Paris, 2024<\/p>\n\n\n\n<p>Hirigoyen Marie-France , \u201cAbus de faiblesses et autres manipulations\u201d, <em>Editions Jean-Claude Latt\u00e8s<\/em>, 2012<\/p>\n\n\n\n<p>Juston Marc , \u201cLe syndrome d\u2019ali\u00e9nation parentale. \u00c9l\u00e9ments de r\u00e9flexion d\u2019un juge aux affaires familiales\u201d, Gazette du Palais du 14-18 ao\u00fbt 2011, n\u00b0226-230, p.7-11<\/p>\n\n\n\n<p>Kelly J. B. et Johnston J.R., The Alienated Child: A Reformulation of Parental Alienation Syndrome. Family Court Review, 39(3), p249-266, 2001<\/p>\n\n\n\n<p><br>Minnekeer Celine , Ouderverstoting onderzocht vanuit het standpunt van de rechter: een kwalitatief onderzoek, <em>onuitg. masterscriptie rechten KU Leuven<\/em>, 2017, 40-52.<\/p>\n\n\n\n<p>Rasson Anne-Catherine, Goffaux Marie, Mailleux Pauline, \u00ab&nbsp;L\u2019ali\u00e9nation parentale &#8211; <em>\u00c9tude du concept et des pratiques en Belgique francophone<\/em>, 2023<\/p>\n\n\n\n<p>Robert-Driard Pascale , \u00ab Au tribunal de Toulon, l\u2019exposition d\u2019une haine conjugale \u00bb, Le Monde, 17 septembre 2022<\/p>\n\n\n\n<p>Van Dieren Beno\u00eet, De Hemptine Myriam, Renchon Jean-Louis : \u201cLe risque de rupture du lien parent-enfant et l\u2019expertise ax\u00e9e sur la collaboration parentale\u201d, <em>Rev. trim. dr. fam., <\/em>2011<\/p>\n\n\n\n<p>Van Gjiseghem Hubert, \u201cL\u2019enfant mis \u00e0 nu.&nbsp; L\u2019all\u00e9gation d\u2019abus sexuel. La recherche de la v\u00e9rit\u00e9.\u201d, Monr\u00e9al, <em>Les Editions du M\u00e9ridien, <\/em>1992<\/p>\n\n\n\n<p>von Boch-Galhau Wilfrid: \u201cSyndrome) d\u2019Ali\u00e9nation Parentale. Forme sous-estim\u00e9e&nbsp; de maltraitance psychologique des enfants lors de&nbsp; s\u00e9parations conflictuelles des parents\u201d,&nbsp; [<em>Cahiers critiques de th\u00e9rapie familiale et de pratiques&nbsp; de r\u00e9seaux,&nbsp; 2018\/2 <\/em>(n\u00b0 61), pages 109 \u00e0 125&nbsp;<\/p>\n\n\n\n<p>Van Gijseghem, H. (2021). Pr\u00e9face In : Jean-Emile Van Der Heyden. Emmanuel de Becker et Dominique Seguier. Les s\u00e9parations conflictuelles. Bruxelles : De Boeck<\/p>\n\n\n\n<p>Van Gijseghem, H. (2021). D\u00e9finition, manifestations et diagnostic du trouble de l\u2019ali\u00e9nation parentale. In : Blandine Mallevaey : Ali\u00e9nation Parentale : Regards crois\u00e9s (pp.21-27). Paris. \u00c9ditions Marc et Martin<\/p>\n\n\n\n<p>Van Gijseghem, H. (2020). M\u00e9thodologies et rationalit\u00e9 du diagnostic du \u00ab trouble \u00bb de l\u2019ali\u00e9nation parentale. Psychologie Qu\u00e9bec. https:\/\/ordrepsy.qc.ca\/-\/methologie et rationalite-du-diagnostic-du-trouble-de-la-alienation-parentale\/1.8<\/p>\n\n\n\n<p>Van Gijseghem, H. (2016). Les facteurs contribuant \u00e0 l\u2019Ali\u00e9nation Parentale. Revue de Psycho\u00e9ducation, 45, 453-468.<\/p>\n\n\n\n<p>Van Gijseghem, H. (2016). De l\u2019importance des deux parents pour le bon \u00e9quilibre de l\u2019enfant (entrevue). Neurone, 20, 47-50.<\/p>\n\n\n\n<p>Van Gijseghem, H. (2016). Le lien d\u2019un enfant avec son p\u00e8re et avec sa m\u00e8re, est-il indispensable et inconditionnel? Dans : Lorsque le lien parent-enfant est menac\u00e9. (Actes du septi\u00e8me colloque de l\u2019Association internationale francophone des intervenants aupr\u00e8s des familles s\u00e9par\u00e9es). pp. 128-131.<\/p>\n\n\n\n<p>Van Gijseghem, H. (2014). L\u2019irreducibile reistanza al concetto di alienazione genitorale. Psicoterapia, 13 Ottobre 2014 Revistapsicoterapia. WordPress.com.<\/p>\n\n\n\n<p>Van Gijseghem, H. (2014). L\u2019enfant est l\u2019auteur de ce trouble. L\u2019ali\u00e9nation parentale, un ph\u00e9nom\u00e8ne qui ne fait pas l\u2019unanimit\u00e9. Psychoscope (F\u00e9d\u00e9ration suisse des psychologues), 35, 12-25<\/p>\n\n\n\n<p>Van Gijseghem, H. (2010). L\u2019irr\u00e9ductible r\u00e9sistance au concept de l\u2019Ali\u00e9nation Parentale. Revue de psycho\u00e9ducation, 39- 81-95<\/p>\n\n\n\n<p>Van Gijseghem, H. (2009). Belangrijkste controverses over ouderverstoting. (Principal controversies regarding Parental Alienation). In Joep Zander (Ed). Verpasseerd ouderschap. (Boycotted parentship). (pp. 45-62) Deventer: Rela Publishing<\/p>\n\n\n\n<p>Van Gijseghem, H. (2008). L\u2019ali\u00e9nation parentale. Comment intervenir ? In: J.E Vanderheyden (Ed.) Approcher le divorce conflictuel (pp, 136-143). Namur: \u00c9ditions Feuilles familiales.<\/p>\n\n\n\n<p>Van Gijseghem, H. (2005). L\u2019ali\u00e9nation parentale: Points controvers\u00e9s. Divorce et S\u00e9paration, n\u00ba 3 75-85<\/p>\n\n\n\n<p>Joyal, R., Qu\u00e9niart, A. &amp; Van Gijseghem, H. (2005). Enfants et garde partag\u00e9e: Quelques questions et r\u00e9ponses. Intervention, n\u00ba 122, 51-59<\/p>\n\n\n\n<p>Van Gijseghem, H. (2005). Controverses autour du concept de l\u2019Ali\u00e9nation Parental. Revue de Psycho-\u00c9ducation, 34, 19-129<\/p>\n\n\n\n<p>Van Gijseghem, H. (2004). L\u2019ali\u00e9nation parentale, les principales controverses. La Revue d\u2019Action Juridique et Sociale n\u00ba, 237, 11-18<\/p>\n\n\n\n<p>Van Gijseghem, H. (2002). Le syndrome d\u2019Ali\u00e9nation Parentale, La Revue d\u2019Action Juridique et Sociale n\u00ba, 218, 38-41<\/p>\n\n\n\n<p>Van Gijseghem, H. (Ed.) (1999). Us et abus de la mise en mots en mati\u00e8re d\u2019abus sexuel. Montr\u00e9al: M\u00e9ridien<\/p>\n\n\n\n<p>Van Gijseghem, H. (1992). L\u2019enfant mis \u00e0 nu. La recherche de la v\u00e9rit\u00e9. Montr\u00e9al: \u00c9ditions du M\u00e9ridien.<\/p>\n","protected":false},"excerpt":{"rendered":"<p>Broca Roland et&nbsp; Odinetz Olga : \u00ab S\u00e9parations conflictuelle et ali\u00e9nation parentale &#8211; Enfants en danger \u00bb 3\u00e8me \u00e9dition revue et augment\u00e9e, \u00c9dition Chronique Sociale, 2022 Ducommun-Nagy Catherine : \u201cComprendre les loyaut\u00e9s familiales \u00e0 travers l\u2019oeuvre d\u2019Ivan Boszormenyi-Nagy\u201d, Enfances &amp; Psy, 2012\/3 (n\u00b056), pages 15 \u00e0 25 Gardner Richard Alan , The Parental Alienation Syndrome and the Differentiation Between&#46;&#46;&#46;<\/p>\n","protected":false},"author":2,"featured_media":0,"parent":0,"menu_order":0,"comment_status":"closed","ping_status":"closed","template":"","meta":{"_monsterinsights_skip_tracking":false,"_monsterinsights_sitenote_active":false,"_monsterinsights_sitenote_note":"","_monsterinsights_sitenote_category":0,"footnotes":""},"class_list":["post-150","page","type-page","status-publish","hentry"],"jetpack_sharing_enabled":true,"_links":{"self":[{"href":"https:\/\/alienation-parentale.be\/index.php?rest_route=\/wp\/v2\/pages\/150","targetHints":{"allow":["GET"]}}],"collection":[{"href":"https:\/\/alienation-parentale.be\/index.php?rest_route=\/wp\/v2\/pages"}],"about":[{"href":"https:\/\/alienation-parentale.be\/index.php?rest_route=\/wp\/v2\/types\/page"}],"author":[{"embeddable":true,"href":"https:\/\/alienation-parentale.be\/index.php?rest_route=\/wp\/v2\/users\/2"}],"replies":[{"embeddable":true,"href":"https:\/\/alienation-parentale.be\/index.php?rest_route=%2Fwp%2Fv2%2Fcomments&post=150"}],"version-history":[{"count":2,"href":"https:\/\/alienation-parentale.be\/index.php?rest_route=\/wp\/v2\/pages\/150\/revisions"}],"predecessor-version":[{"id":275,"href":"https:\/\/alienation-parentale.be\/index.php?rest_route=\/wp\/v2\/pages\/150\/revisions\/275"}],"wp:attachment":[{"href":"https:\/\/alienation-parentale.be\/index.php?rest_route=%2Fwp%2Fv2%2Fmedia&parent=150"}],"curies":[{"name":"wp","href":"https:\/\/api.w.org\/{rel}","templated":true}]}}