{"id":169,"date":"2024-07-22T17:20:48","date_gmt":"2024-07-22T15:20:48","guid":{"rendered":"https:\/\/alienation-parentale.be\/?page_id=169"},"modified":"2026-04-20T17:46:37","modified_gmt":"2026-04-20T15:46:37","slug":"experts","status":"publish","type":"page","link":"https:\/\/alienation-parentale.be\/?page_id=169","title":{"rendered":"Sources"},"content":{"rendered":"\n<p id=\"block-9c8701f1-758f-4185-a0ce-156cbe7e207f\"><strong>Qui sont les personnes ou groupements et institutions cit\u00e9s sur ce site, experts en mati\u00e8re d\u2019ali\u00e9nation parentale dans les domaines de la psychologie, la psychiatrie et le droit et que nous avons utilis\u00e9es comme source ?<\/strong><\/p>\n\n\n\n<ul id=\"block-81148ab7-ba3d-40a8-93d9-b0ea3b0c8bb4\" class=\"wp-block-list\">\n<li>Jean-\u00c9mile Vanderheyden, neuropsychiatre \u00e0 vocation neurologue, s&rsquo;est particuli\u00e8rement impliqu\u00e9 dans la prise en charge des maladies neurod\u00e9g\u00e9n\u00e9ratives.&nbsp;Il a \u00e9crit l c\u00e9l\u00e8bre livre de r\u00e9f\u00e9rence \u00ab\u00a0Les s\u00e9parations parentales conflictuelles\u00a0\u00bb d\u00e9crivant entre autres choses le ph\u00e9nom\u00e8ne d&rsquo;ali\u00e9nation parentale. Il insiste aujourd&rsquo;hui sur le fait que ce comportement d&rsquo;ali\u00e9nation parentale est une maltraitance tant \u00e0 l&rsquo;\u00e9gard des enfants que des parents ali\u00e9n\u00e9s. <\/li>\n\n\n\n<li>Alexis Chalom : psychologue, professionnel-expert en lien avec les espaces de rencontre, apportant une exp\u00e9rience pratique sur leur fonctionnement et leur utilit\u00e9 dans des situations d&rsquo;ali\u00e9nation parentale.<\/li>\n\n\n\n<li>Amy J.L .Baker : chercheuse en psychologie<\/li>\n\n\n\n<li>Beno\u00eet Van Dieren : psychologue belge, psychoth\u00e9rapeute ind\u00e9pendant de la famille, m\u00e9diateur familial, expert aupr\u00e8s des tribunaux, membre du PASG (Parental Ali\u00e9nation Study Group).&nbsp;<\/li>\n\n\n\n<li>C\u00e9line Minnekeer : avocate, a travaill\u00e9 \u00e0 la r\u00e9daction de divers articles sur l\u2019ali\u00e9nation parentale<\/li>\n\n\n\n<li>Demosthenes Lorandos : psychologue et avocat am\u00e9ricain, pr\u00e9sident de PsychLaw.net<\/li>\n\n\n\n<li>Douglas Darnall : psychologue clinicien am\u00e9ricain<\/li>\n\n\n\n<li>Emma Jaspaert : chercheuse post-doctorante \u00e0 la facult\u00e9 de droit de l&rsquo;Universit\u00e9 catholique de Louvain (KU Leuven), a travaill\u00e9 \u00e0 la r\u00e9daction de divers articles sur l\u2019ali\u00e9nation parentale&nbsp;<\/li>\n\n\n\n<li>Janet R. Johnston : psychologue am\u00e9ricaine sp\u00e9cialis\u00e9e dans les dynamiques familiales, les conflits parentaux<\/li>\n\n\n\n<li>Jean-Louis Renchon : avocat et professeur \u00e9m\u00e9rite de droit de la famille \u00e0 l\u2019universit\u00e9 de Louvain et \u00e0 l\u2019universit\u00e9 St-Louis \u00e0 Bruxelles<\/li>\n\n\n\n<li>Joan B. Kelly : psychologue am\u00e9ricaine, connue pour ses travaux sur les effets du divorce sur les enfants et pour son expertise en m\u00e9diation familiale.<\/li>\n\n\n\n<li>Hubert Van Gijseghem : psychologue belge \u00e9migr\u00e9 au Canada et professeur \u00e9m\u00e9rite \u00e0 l&rsquo;universit\u00e9 de Montr\u00e9al, sp\u00e9cialis\u00e9 depuis plus de 30 ans sur la question de l&rsquo;ali\u00e9nation parentale, membre du PASG (Parental Ali\u00e9nation Study Group).<\/li>\n\n\n\n<li>Marc Juston : juge aux affaires familiales honoraire et Pr\u00e9sident de tribunal honoraire en France<\/li>\n\n\n\n<li>Marie-France Hirigoyen : psychiatre, psychanalyste et th\u00e9rapeute familial syst\u00e9mique<\/li>\n\n\n\n<li>Olga Odinetz : pr\u00e9sidente fondatrice de l\u2019association contre L\u2019ali\u00e9nation parentale (ACALPA), expert-interpr\u00e8te aupr\u00e8s de la Cour d\u2019appel de Paris, membre du PASG (Parental Ali\u00e9nation Study Group).<\/li>\n\n\n\n<li>Richard A. Warshak, : psychologue am\u00e9ricain<\/li>\n\n\n\n<li>Roland Broca&nbsp; : psychiatre et psychanalyste fran\u00e7ais particuli\u00e8rement connu pour ses travaux sur l&rsquo;ali\u00e9nation parentale et ses cons\u00e9quences. Sp\u00e9cialisation : psychiatrie de l\u2019enfant et de l\u2019adolescent, troubles familiaux .&nbsp;Membre du PASG (Parental Ali\u00e9nation Study Group).<\/li>\n\n\n\n<li>William Bernet : professeur de psychiatrie \u00e0 l&rsquo;Universit\u00e9 Vanderbilt<\/li>\n<\/ul>\n\n\n\n<p>Pour consulter notre bibliographie <a href=\"https:\/\/alienation-parentale.be\/?page_id=150\">cliquez ici <\/a>. <\/p>\n","protected":false},"excerpt":{"rendered":"<p>Qui sont les personnes ou groupements et institutions cit\u00e9s sur ce site, experts en mati\u00e8re d\u2019ali\u00e9nation parentale dans les domaines de la psychologie, la psychiatrie et le droit et que nous avons utilis\u00e9es comme source ? Pour consulter notre bibliographie cliquez ici .<\/p>\n","protected":false},"author":2,"featured_media":0,"parent":0,"menu_order":0,"comment_status":"closed","ping_status":"closed","template":"","meta":{"_monsterinsights_skip_tracking":false,"_monsterinsights_sitenote_active":false,"_monsterinsights_sitenote_note":"","_monsterinsights_sitenote_category":0,"footnotes":""},"class_list":["post-169","page","type-page","status-publish","hentry"],"jetpack_sharing_enabled":true,"_links":{"self":[{"href":"https:\/\/alienation-parentale.be\/index.php?rest_route=\/wp\/v2\/pages\/169","targetHints":{"allow":["GET"]}}],"collection":[{"href":"https:\/\/alienation-parentale.be\/index.php?rest_route=\/wp\/v2\/pages"}],"about":[{"href":"https:\/\/alienation-parentale.be\/index.php?rest_route=\/wp\/v2\/types\/page"}],"author":[{"embeddable":true,"href":"https:\/\/alienation-parentale.be\/index.php?rest_route=\/wp\/v2\/users\/2"}],"replies":[{"embeddable":true,"href":"https:\/\/alienation-parentale.be\/index.php?rest_route=%2Fwp%2Fv2%2Fcomments&post=169"}],"version-history":[{"count":7,"href":"https:\/\/alienation-parentale.be\/index.php?rest_route=\/wp\/v2\/pages\/169\/revisions"}],"predecessor-version":[{"id":1298,"href":"https:\/\/alienation-parentale.be\/index.php?rest_route=\/wp\/v2\/pages\/169\/revisions\/1298"}],"wp:attachment":[{"href":"https:\/\/alienation-parentale.be\/index.php?rest_route=%2Fwp%2Fv2%2Fmedia&parent=169"}],"curies":[{"name":"wp","href":"https:\/\/api.w.org\/{rel}","templated":true}]}}