{"id":179,"date":"2024-07-22T18:05:17","date_gmt":"2024-07-22T16:05:17","guid":{"rendered":"https:\/\/alienation-parentale.be\/?page_id=179"},"modified":"2026-02-17T01:09:40","modified_gmt":"2026-02-17T00:09:40","slug":"consequences-pratiques-de-lalienation-parentale-sur-les-enfants","status":"publish","type":"page","link":"https:\/\/alienation-parentale.be\/?page_id=179","title":{"rendered":"Cons\u00e9quences"},"content":{"rendered":"\n<p>La <a href=\"https:\/\/alienation-parentale.be\/?page_id=195\" data-type=\"page\" data-id=\"195\">CIM-11<\/a> est un organisme de l&rsquo;<a href=\"https:\/\/www.who.int\/fr\" data-type=\"link\" data-id=\"https:\/\/www.who.int\/fr\">OMS <\/a>qui d\u00e9finit les diff\u00e9rentes maladies actuellement connues. Les opposants \u00e0 l&rsquo;ali\u00e9nation parentale d\u00e9fendent qu&rsquo;il s&rsquo;agit d&rsquo;une maladie imaginaire qui aurait \u00e9t\u00e9 r\u00e9pertori\u00e9e et ensuite effac\u00e9e des maladies officiellement identifi\u00e9es. Il n&rsquo;en est rien ! L&rsquo;ali\u00e9nation parentale est bien r\u00e9pertori\u00e9e dans le <a href=\"https:\/\/alienation-parentale.be\/?page_id=195\" data-type=\"page\" data-id=\"195\">CIM-11<\/a> comme une source de maladies et de troubles du comportement dont voici certaines cons\u00e9quences :<\/p>\n\n\n\n<p class=\"has-vivid-red-color has-text-color has-link-color has-large-font-size wp-elements-278f5c04fb0a6e57fc6d2afa932c149b\"><strong><mark style=\"background-color:rgba(0, 0, 0, 0);color:#ff7ac3\" class=\"has-inline-color\">Sur les enfants <\/mark><\/strong><\/p>\n\n\n\n<p>Cons\u00e9quences possibles de l\u2019ali\u00e9nation parentale sur les enfants, selon diff\u00e9rents psychologues (Hubert Van Gijseghem, Beno\u00eet Van Dieren, Richard A. Warshak, Douglas Darnall), psychiatres (Marie-France Hirigoyen, William Bernet) ou chercheuse en psychologie (Amy J.L.Baker) :<\/p>\n\n\n\n<ol class=\"wp-block-list\">\n<li>D\u00e9tresse \u00e9motionnelle et psychologique : L&rsquo;enfant ali\u00e9n\u00e9 peut ressentir de la confusion, de la culpabilit\u00e9, de la tristesse et de la col\u00e8re, ainsi qu&rsquo;une grande d\u00e9tresse \u00e9motionnelle.<br><\/li>\n\n\n\n<li>Troubles de l&rsquo;attachement : Les enfants ali\u00e9n\u00e9s peut d\u00e9velopper des attachements ins\u00e9curis\u00e9s ou \u00e9vitants, affectant sa capacit\u00e9 \u00e0 \u00e9tablir des relations saines.<br><\/li>\n\n\n\n<li>Probl\u00e8mes comportementaux et scolaires : Il peut pr\u00e9senter des comportements probl\u00e9matiques comme l&rsquo;agressivit\u00e9, l&rsquo;anxi\u00e9t\u00e9, la d\u00e9pression, ainsi qu&rsquo;une baisse de performance scolaire.&nbsp;Ou \u00e0 l\u2019inverse on peut observer un surinvestissement scolaire.&nbsp;&nbsp;<br><\/li>\n\n\n\n<li>Impact sur la sant\u00e9 mentale \u00e0 long terme : Risque accru de d\u00e9velopper des troubles de la personnalit\u00e9, de l&rsquo;anxi\u00e9t\u00e9, de la d\u00e9pression et d&rsquo;autres probl\u00e8mes de sant\u00e9 mentale.<br><\/li>\n\n\n\n<li>Perte de la relation avec le parent ali\u00e9n\u00e9 : La relation avec le parent ali\u00e9n\u00e9 est souvent gravement d\u00e9t\u00e9rior\u00e9e, privant l&rsquo;enfant de soutien et d&rsquo;amour.<br><\/li>\n\n\n\n<li>Confusion identitaire : Difficult\u00e9s \u00e0 construire une identit\u00e9 stable en raison des messages contradictoires re\u00e7us.<br><\/li>\n\n\n\n<li>Isolement social : L&rsquo;enfant ali\u00e9n\u00e9 peut se retrouver isol\u00e9 socialement, \u00e9loign\u00e9 de la famille \u00e9largie et des amis.<br><\/li>\n\n\n\n<li>Impact sur l&rsquo;estime de soi : L&rsquo;ali\u00e9nation peut gravement affecter l&rsquo;estime de soi de l&rsquo;enfant, le laissant se sentir non aim\u00e9 et indigne.<br><\/li>\n\n\n\n<li>Traumatismes psychologiques : L&rsquo;enfant peut subir un traumatisme psychologique en raison de la manipulation et de la pression pour rejeter l&rsquo;autre parent.<br><\/li>\n\n\n\n<li>Perception d\u00e9form\u00e9e de la r\u00e9alit\u00e9 : Il peut d\u00e9velopper une vision d\u00e9form\u00e9e de la r\u00e9alit\u00e9 familiale, compliquant sa capacit\u00e9 \u00e0 faire confiance et \u00e0 juger les situations de mani\u00e8re objective.<br><\/li>\n\n\n\n<li>Difficult\u00e9s relationnelles \u00e0 long terme : \u00c0 l&rsquo;\u00e2ge adulte, il pourra \u00e9prouver des difficult\u00e9s \u00e0 \u00e9tablir des relations intimes et de confiance.<br><\/li>\n\n\n\n<li>Sympt\u00f4mes de stress post-traumatique : L&rsquo;enfant ali\u00e9n\u00e9 peut pr\u00e9senter des sympt\u00f4mes similaires \u00e0 ceux du stress post-traumatique en raison de la manipulation et du conflit familial intense.<br><\/li>\n\n\n\n<li>Conflit de loyaut\u00e9 : L&rsquo;enfant ali\u00e9n\u00e9 se sent souvent oblig\u00e9 de choisir entre ses parents, ce qui peut causer une grande anxi\u00e9t\u00e9 et stress.<br><\/li>\n\n\n\n<li>D\u00e9pendance \u00e9motionnelle : Les enfants peuvent devenir \u00e9motionnellement d\u00e9pendants du parent ali\u00e9nant, compromettant leur autonomie et leur ind\u00e9pendance.<br><\/li>\n\n\n\n<li>Probl\u00e8mes relationnels : \u00c0 long terme, l&rsquo;enfant ali\u00e9n\u00e9 peut pr\u00e9senter des difficult\u00e9s \u00e0 \u00e9tablir et maintenir des relations saines et stables.<br><\/li>\n\n\n\n<li>D\u00e9veloppement de troubles mentaux : Risque accru de d\u00e9velopper des troubles mentaux tels que l&rsquo;anxi\u00e9t\u00e9, la d\u00e9pression et les troubles de la personnalit\u00e9.<br><br>Selon Christine Avaz : \u201cla strat\u00e9gie du parent ali\u00e9nant consiste la plupart du temps \u00e0 accuser l\u2019autre parent de tout et de rien, de d\u00e9clencher chez l\u2019enfant l\u2019anxi\u00e9t\u00e9, l\u2019angoisse, de truquer les faits, de provoquer l\u2019\u00e9loignement g\u00e9ographique.&nbsp; La m\u00e9thode utilis\u00e9e est celle du brainwashing.&nbsp; L\u2019enfant est s\u00e9par\u00e9 de l\u2019un de ses parents qui est \u201ctu\u00e9\u201d psychologiquement.&nbsp; L\u2019enfant ali\u00e9n\u00e9 n\u2019est plus qu&rsquo;un avatar du parent ali\u00e9nant.&nbsp; Le jour o\u00f9 bien plus tard il s\u2019en apercevra, sa r\u00e9action pourra \u00eatre cat\u00e9goriquement tragique\u201d<sup data-fn=\"078e22bf-2972-4f4f-9425-e6ce9fdfe7f9\" class=\"fn\"><a href=\"#078e22bf-2972-4f4f-9425-e6ce9fdfe7f9\" id=\"078e22bf-2972-4f4f-9425-e6ce9fdfe7f9-link\">1<\/a><\/sup>. Difficile dans ces conditions de se construire sans l&rsquo;identification \u00e0 ses deux parents.<\/li>\n<\/ol>\n\n\n\n<p class=\"has-vivid-red-color has-text-color has-link-color has-large-font-size wp-elements-02de2e8b476aa14f4477f2765b88fabb\"><strong><mark style=\"background-color:rgba(0, 0, 0, 0);color:#ff7ac3\" class=\"has-inline-color\">Sur les parents <\/mark><\/strong><\/p>\n\n\n\n<p>Les m\u00eames psychologues \/ psychiatres parlent des cons\u00e9quences de l\u2019ali\u00e9nation parentale chez le parent ali\u00e9n\u00e9 :<\/p>\n\n\n\n<p><strong><mark style=\"background-color:rgba(0, 0, 0, 0);color:#ff7ac3\" class=\"has-inline-color\">Cons\u00e9quences \u00c9motionnelles et Psychologiques<\/mark><\/strong><\/p>\n\n\n\n<ul class=\"wp-block-list\">\n<li>D\u00e9tresse \u00e9motionnelle : Le parent ali\u00e9n\u00e9 peut \u00e9prouver une d\u00e9tresse \u00e9motionnelle intense, incluant de la tristesse, de la col\u00e8re, et de la frustration, souvent exacerb\u00e9e par le sentiment d&rsquo;impuissance face \u00e0 la situation.<\/li>\n\n\n\n<li>D\u00e9pression et anxi\u00e9t\u00e9 : Les niveaux de stress, d&rsquo;anxi\u00e9t\u00e9 et de d\u00e9pression sont souvent \u00e9lev\u00e9s chez le parent ali\u00e9n\u00e9 en raison de la perte de contact ou du rejet par leurs enfants.<\/li>\n\n\n\n<li>Sentiments de rejet et de perte : Le parent ali\u00e9n\u00e9 peut ressentir un profond sentiment de rejet et de perte, ce qui peut mener \u00e0 un deuil compliqu\u00e9, semblable \u00e0 la perte d&rsquo;un \u00eatre cher.<\/li>\n<\/ul>\n\n\n\n<p><strong><mark style=\"background-color:rgba(0, 0, 0, 0);color:#ff7ac3\" class=\"has-inline-color\">Cons\u00e9quences sociales<\/mark><\/strong><\/p>\n\n\n\n<ul class=\"wp-block-list\">\n<li>Isolement social : Le parent ali\u00e9n\u00e9 peut se retirer socialement en raison de la stigmatisation ou de la honte associ\u00e9e \u00e0 la situation, ou parce qu&rsquo;ils se concentrent sur la lutte pour retrouver une relation avec son ou ses enfant(s).&nbsp;<\/li>\n\n\n\n<li>Relations familiales tendues : Les conflits avec la famille \u00e9largie peuvent s&rsquo;intensifier, particuli\u00e8rement si d&rsquo;autres membres de la famille prennent parti.<\/li>\n<\/ul>\n\n\n\n<p><strong><mark style=\"background-color:rgba(0, 0, 0, 0);color:#ff7ac3\" class=\"has-inline-color\">Cons\u00e9quences financi\u00e8res<\/mark><\/strong><\/p>\n\n\n\n<ul class=\"wp-block-list\">\n<li>Frais juridiques : Le parent ali\u00e9n\u00e9 peut faire face \u00e0 des co\u00fbts juridiques \u00e9lev\u00e9s en raison des batailles judiciaires, notamment pour obtenir un droit de garde ou de visite.&nbsp;<\/li>\n\n\n\n<li>Perte de revenus : Le stress et les pr\u00e9occupations constantes peuvent affecter la capacit\u00e9 du parent ali\u00e9n\u00e9 \u00e0 travailler efficacement, entra\u00eenant une perte de revenus.&nbsp;<\/li>\n\n\n\n<li>Pensions alimentaires : Le parent ali\u00e9n\u00e9 se retrouvent parfois \u00e0 devoir verser des frais de pension alimentaire \u00e9lev\u00e9s \u00e0 payer au parent ali\u00e9nant, et ce, en ayant ou non encore ou non des contacts avec ses(on) enfant(s).<\/li>\n<\/ul>\n\n\n\n<p><strong><mark style=\"background-color:rgba(0, 0, 0, 0);color:#ff7ac3\" class=\"has-inline-color\">Cons\u00e9quences sur la sant\u00e9 physique<\/mark><\/strong><\/p>\n\n\n\n<ul class=\"wp-block-list\">\n<li>Probl\u00e8mes de sant\u00e9 : Le stress prolong\u00e9 peut contribuer \u00e0 des probl\u00e8mes de sant\u00e9 physique tels que l&rsquo;hypertension, les troubles du sommeil, et d&rsquo;autres maladies li\u00e9es au stress.&nbsp;<\/li>\n<\/ul>\n\n\n\n<p><strong><mark style=\"background-color:rgba(0, 0, 0, 0);color:#ff7ac3\" class=\"has-inline-color\">Cons\u00e9quences Comportementales<\/mark><\/strong><\/p>\n\n\n\n<ul class=\"wp-block-list\">\n<li>Comportements d&rsquo;\u00e9vitement : le parent ali\u00e9n\u00e9 peut \u00e9viter les situations qui rappellent la perte de leur relation avec son ou ses  enfant(s), ce qui peut affecter sa vie quotidienne et ses interactions sociales.<\/li>\n\n\n\n<li>Lutte pour la justice : Le parent ali\u00e9n\u00e9 peut consacrer une grande partie de son temps et de ses ressources \u00e0 lutter contre l&rsquo;ali\u00e9nation, et ce, jusqu&rsquo;\u00e0 l&rsquo;\u00e9puisement ses ressources \u00e9motionnelles et financi\u00e8res.<\/li>\n<\/ul>\n\n\n\n<p><mark style=\"background-color:rgba(0, 0, 0, 0);color:#ff7ac3\" class=\"has-inline-color\">\u00a0<strong>Cons\u00e9quences sur la Parentalit\u00e9<\/strong><\/mark><\/p>\n\n\n\n<ul class=\"wp-block-list\">\n<li>Difficult\u00e9 \u00e0 maintenir le lien : M\u00eame dans les cas o\u00f9 le parent ali\u00e9n\u00e9 parvient \u00e0 maintenir un certain niveau de contact, la relation avec l&rsquo;enfant peut \u00eatre tendue et difficile, en raison des perceptions n\u00e9gatives notamment inculqu\u00e9es par l&rsquo;autre parent.<\/li>\n\n\n\n<li>Impact sur les capacit\u00e9s parentales : Le stress et la d\u00e9tresse \u00e9motionnelle peuvent affecter la capacit\u00e9 du parent ali\u00e9n\u00e9 \u00e0 fournir un environnement stable et aimant, m\u00eame lorsqu&rsquo;ils ont la possibilit\u00e9 de passer du temps avec son ou ses enfants.<br><\/li>\n<\/ul>\n\n\n\n<p>Le docteur Bensussan utilise volontiers le terme de \u00ab d\u00e9saffection parentale \u00bb, qui a le m\u00e9rite de souligner le plus tragique de la situation : \u201cl\u2019enfant \u00ab d\u00e9sapprend \u00bb litt\u00e9ralement qu\u2019il a autrefois aim\u00e9 le parent qu\u2019il rejette aujourd\u2019hui. Cet effacement de la m\u00e9moire affective est extr\u00eamement anxiog\u00e8ne et douloureux pour le parent rejet\u00e9\u201d<sup data-fn=\"ed5a5633-c041-4e15-a410-d99cc95e907a\" class=\"fn\"><a href=\"#ed5a5633-c041-4e15-a410-d99cc95e907a\" id=\"ed5a5633-c041-4e15-a410-d99cc95e907a-link\">2<\/a><\/sup>.<br><\/p>\n\n\n\n<p>Selon Christine Avaz, avocate, \u201cl\u2019\u00e9nergie que parent doit d\u00e9ployer pour un d\u00e9p\u00f4t de plainte est parfois consid\u00e9rable et d\u00e9courage souvent \u00e0 la longue les meilleures volont\u00e9s.\u201d<sup data-fn=\"bbd875e2-c5d1-4bc2-96f5-e7ef47bd585a\" class=\"fn\"><a href=\"#bbd875e2-c5d1-4bc2-96f5-e7ef47bd585a\" id=\"bbd875e2-c5d1-4bc2-96f5-e7ef47bd585a-link\">3<\/a><\/sup><\/p>\n\n\n\n<p>Ces cons\u00e9quences montrent l&rsquo;importance de reconna\u00eetre et de traiter l&rsquo;ali\u00e9nation parentale non seulement pour le bien-\u00eatre des enfants, mais aussi pour celui des parents touch\u00e9s par ce ph\u00e9nom\u00e8ne. Les parents doivent \u00eatre en bonne condition psychologique, physique et financi\u00e8re pour pouvoir s\u2019occuper de leurs enfants.<\/p>\n\n\n\n<p><\/p>\n\n\n<ol class=\"wp-block-footnotes\"><li id=\"078e22bf-2972-4f4f-9425-e6ce9fdfe7f9\">Dr Roland Broca et Olga Odinetz : \u00ab S\u00e9parations conflictuelle et ali\u00e9nation parentale &#8211; Enfants en danger \u00bb 3\u00e8me \u00e9dition revue et augment\u00e9e, <em>\u00c9dition Chronique Sociale<\/em>, 2022, p.186 <a href=\"#078e22bf-2972-4f4f-9425-e6ce9fdfe7f9-link\" aria-label=\"Aller \u00e0 la note de bas de page 1\">\u21a9\ufe0e<\/a><\/li><li id=\"ed5a5633-c041-4e15-a410-d99cc95e907a\">Dr Roland Broca et Olga Odinetz : \u00ab S\u00e9parations conflictuelle et ali\u00e9nation parentale &#8211; Enfants en danger \u00bb 3\u00e8me \u00e9dition revue et augment\u00e9e, <em>\u00c9dition Chronique Sociale<\/em>, 2022, p.184Broca  <a href=\"#ed5a5633-c041-4e15-a410-d99cc95e907a-link\" aria-label=\"Aller \u00e0 la note de bas de page 2\">\u21a9\ufe0e<\/a><\/li><li id=\"bbd875e2-c5d1-4bc2-96f5-e7ef47bd585a\">Dr Roland Broca et Olga Odinetz : \u00ab S\u00e9parations conflictuelle et ali\u00e9nation parentale &#8211; Enfants en danger \u00bb 3\u00e8me \u00e9dition revue et augment\u00e9e, <em>\u00c9dition Chronique Sociale<\/em>, 2022  <a href=\"#bbd875e2-c5d1-4bc2-96f5-e7ef47bd585a-link\" aria-label=\"Aller \u00e0 la note de bas de page 3\">\u21a9\ufe0e<\/a><\/li><\/ol>","protected":false},"excerpt":{"rendered":"<p>La CIM-11 est un organisme de l&rsquo;OMS qui d\u00e9finit les diff\u00e9rentes maladies actuellement connues. Les opposants \u00e0 l&rsquo;ali\u00e9nation parentale d\u00e9fendent qu&rsquo;il s&rsquo;agit d&rsquo;une maladie imaginaire qui aurait \u00e9t\u00e9 r\u00e9pertori\u00e9e et ensuite effac\u00e9e des maladies officiellement identifi\u00e9es. Il n&rsquo;en est rien ! L&rsquo;ali\u00e9nation parentale est bien r\u00e9pertori\u00e9e dans le CIM-11 comme une source de maladies et de troubles du comportement&#46;&#46;&#46;<\/p>\n","protected":false},"author":2,"featured_media":0,"parent":0,"menu_order":0,"comment_status":"closed","ping_status":"closed","template":"","meta":{"_monsterinsights_skip_tracking":false,"_monsterinsights_sitenote_active":false,"_monsterinsights_sitenote_note":"","_monsterinsights_sitenote_category":0,"footnotes":"[{\"content\":\"Dr Roland Broca et Olga Odinetz : \u00ab S\u00e9parations conflictuelle et ali\u00e9nation parentale - Enfants en danger \u00bb 3\u00e8me \u00e9dition revue et augment\u00e9e, <em>\u00c9dition Chronique Sociale<\/em>, 2022, p.186\",\"id\":\"078e22bf-2972-4f4f-9425-e6ce9fdfe7f9\"},{\"content\":\"Dr Roland Broca et Olga Odinetz : \u00ab S\u00e9parations conflictuelle et ali\u00e9nation parentale - Enfants en danger \u00bb 3\u00e8me \u00e9dition revue et augment\u00e9e, <em>\u00c9dition Chronique Sociale<\/em>, 2022, p.184Broca \",\"id\":\"ed5a5633-c041-4e15-a410-d99cc95e907a\"},{\"content\":\"Dr Roland Broca et Olga Odinetz : \u00ab S\u00e9parations conflictuelle et ali\u00e9nation parentale - Enfants en danger \u00bb 3\u00e8me \u00e9dition revue et augment\u00e9e, <em>\u00c9dition Chronique Sociale<\/em>, 2022 \",\"id\":\"bbd875e2-c5d1-4bc2-96f5-e7ef47bd585a\"}]"},"class_list":["post-179","page","type-page","status-publish","hentry"],"jetpack_sharing_enabled":true,"_links":{"self":[{"href":"https:\/\/alienation-parentale.be\/index.php?rest_route=\/wp\/v2\/pages\/179","targetHints":{"allow":["GET"]}}],"collection":[{"href":"https:\/\/alienation-parentale.be\/index.php?rest_route=\/wp\/v2\/pages"}],"about":[{"href":"https:\/\/alienation-parentale.be\/index.php?rest_route=\/wp\/v2\/types\/page"}],"author":[{"embeddable":true,"href":"https:\/\/alienation-parentale.be\/index.php?rest_route=\/wp\/v2\/users\/2"}],"replies":[{"embeddable":true,"href":"https:\/\/alienation-parentale.be\/index.php?rest_route=%2Fwp%2Fv2%2Fcomments&post=179"}],"version-history":[{"count":12,"href":"https:\/\/alienation-parentale.be\/index.php?rest_route=\/wp\/v2\/pages\/179\/revisions"}],"predecessor-version":[{"id":1106,"href":"https:\/\/alienation-parentale.be\/index.php?rest_route=\/wp\/v2\/pages\/179\/revisions\/1106"}],"wp:attachment":[{"href":"https:\/\/alienation-parentale.be\/index.php?rest_route=%2Fwp%2Fv2%2Fmedia&parent=179"}],"curies":[{"name":"wp","href":"https:\/\/api.w.org\/{rel}","templated":true}]}}