{"id":206,"date":"2024-07-26T16:24:03","date_gmt":"2024-07-26T14:24:03","guid":{"rendered":"https:\/\/alienation-parentale.be\/?page_id=206"},"modified":"2024-10-30T23:36:49","modified_gmt":"2024-10-30T22:36:49","slug":"a-savoir","status":"publish","type":"page","link":"https:\/\/alienation-parentale.be\/?page_id=206","title":{"rendered":"A savoir.."},"content":{"rendered":"\n<p>Marie-France Hirigoyen, dans son livre Marie-France Hirigoyen, \u201cAbus de faiblesses et autres manipulations\u201d (<em>Editions Jean-Claude Latt\u00e8s<\/em>, 2012) exprime quelques \u00e9l\u00e9ments importants :<\/p>\n\n\n\n<blockquote class=\"wp-block-quote is-layout-flow wp-block-quote-is-layout-flow\">\n<p><br>\u201cUn parent ali\u00e9nant peut aller jusqu\u2019\u00e0 des d\u00e9nonciations abusives de violences physiques ou sexuelles aboutissant \u00e0 une suspension du droit de visite du parent suspect, ou bien si l\u2019enfant peut continuer \u00e0 voir le parent suspect, le parent m\u00e9fiant a la tentation de \u00ab prot\u00e9ger \u00bb l\u2019enfant en ne le pr\u00e9sentant pas, et c\u2019est lui qui risquera des sanctions juridiques.\u201d<\/p>\n<\/blockquote>\n\n\n\n<blockquote class=\"wp-block-quote is-layout-flow wp-block-quote-is-layout-flow\">\n<p>\u201c Un parent ali\u00e9nant vient souvent d\u2019une famille dysfonctionnant avec parfois lui-m\u00eame des ant\u00e9c\u00e9dents d\u2019ali\u00e9nation, d\u2019abandon ou de maltraitance. Il avait d\u00fb alors se cliver pour se prot\u00e9ger, et plus tard, quand il s\u2019acharne \u00e0 \u00e9liminer l\u2019autre parent c\u2019est parce qu\u2019il aura projet\u00e9 sur lui tout le \u00ab mauvais \u00bb qu\u2019il ne veut pas voir en lui et qu\u2019il aimerait voir dispara\u00eetre.\u201d<\/p>\n<\/blockquote>\n\n\n\n<blockquote class=\"wp-block-quote is-layout-flow wp-block-quote-is-layout-flow\">\n<p>\u201cLe parent rejet\u00e9 ressent une d\u00e9tresse profonde et un grand sentiment d\u2019impuissance et d\u2019injustice. Le comportement incompr\u00e9hensible de l\u2019enfant constitue un traumatisme qui va le sid\u00e9rer. Quoi qu\u2019il fasse quoi qu\u2019il dise, rien ne peut le r\u00e9habiliter aux yeux de l\u2019enfant.\u201d<\/p>\n<\/blockquote>\n\n\n\n<blockquote class=\"wp-block-quote is-layout-flow wp-block-quote-is-layout-flow\">\n<p>\u201cFace \u00e0 l\u2019hostilit\u00e9 de l\u2019enfant, le parent rejet\u00e9 va d\u2019abord chercher une explication plausible, puis il va tenter de se justifier, et d\u2019apaiser l\u2019enfant. Mais \u00e0 ce rejet vient s\u2019ajouter la suspicion de l\u2019entourage et souvent m\u00eame des intervenants.\u201d<\/p>\n<\/blockquote>\n\n\n\n<blockquote class=\"wp-block-quote is-layout-flow wp-block-quote-is-layout-flow\">\n<p>\u201cLorsque les liens sont d\u00e9finitivement coup\u00e9s, il y a un deuil impossible \u00e0 faire puisque les enfants sont vivants. Ils sont alors partag\u00e9s entre un vague espoir et aussi une crainte de les revoir un jour, ce qui conduit certains patients \u00e0 un \u00e9tat d\u00e9pressif chronique.\u201d<\/p>\n<\/blockquote>\n\n\n\n<blockquote class=\"wp-block-quote is-layout-flow wp-block-quote-is-layout-flow\">\n<p>\u201cDans un processus d\u2019ali\u00e9nation, les enfants sont les premi\u00e8res victimes puisque cela affecte consid\u00e9rablement leur devenir psychique mais ils sont aussi complices car ils participent activement \u00e0 l\u2019\u00e9limination du parent qu\u2019ils rejettent.&nbsp; Quand un parent d\u00e9nigre l\u2019autre parent, l\u2019enfant est pris dans un conflit de loyaut\u00e9. Il est dans l\u2019impossibilit\u00e9 de choisir entre deux solutions qui engagent son amour pour chacun de ses parents et cela entra\u00eene chez lui une tension extr\u00eame et une forte angoisse. A un certain moment, pour moins souffrir, il n\u2019a pas d\u2019autres solutions que de se rallier au camp du parent ali\u00e9nant, c\u2019est-\u00e0-dire celui qui met le plus de pression, qui lui fait peur.\u201d<\/p>\n<\/blockquote>\n\n\n\n<blockquote class=\"wp-block-quote is-layout-flow wp-block-quote-is-layout-flow\">\n<p>\u201cLe clivage est un m\u00e9canisme de d\u00e9fense de l\u2019enfant qui permet de ma\u00eetriser l\u2019angoisse et de mettre de c\u00f4t\u00e9 une \u00e9motion ou un souvenir trop perturbant. Cela se fait en scindant le Moi en deux parties. Une tente d\u2019isoler la situation traumatique, tandis que l\u2019autre reste connect\u00e9e \u00e0 la r\u00e9alit\u00e9. Par la suite, la pr\u00e9sence ou la seule \u00e9vocation de l\u2019autre parent entra\u00eenera une forte angoisse chez l\u2019enfant qui disjonctera au sens propre du terme pour ne pas laisser remonter le souvenir traumatique. Effectivement la vue du parent rejet\u00e9 am\u00e8nera chez l\u2019enfant une intense douleur, alors que ne pas le voir lui permettra de ne pas penser \u00e0 la situation et de ne pas avoir mal.\u201d&nbsp;<\/p>\n<\/blockquote>\n\n\n\n<blockquote class=\"wp-block-quote is-layout-flow wp-block-quote-is-layout-flow\">\n<p>\u201cL\u2019amn\u00e9sie arrive ensuite. Apr\u00e8s un temps, l\u2019enfant perd son ambivalence, les souvenirs qui pourraient venir nuancer sa vision manich\u00e9enne de la situation sont oubli\u00e9s et c\u2019est la version du parent ali\u00e9nant qui est retenue, avec une amn\u00e9sie de tout ce qui est autre. Il va alors prendre parti pour le parent ali\u00e9nant et se mettre \u00e0 d\u00e9nigrer le parent rejet\u00e9, parfois prof\u00e9rer contre lui des accusations mensong\u00e8res ou relater des faits qu\u2019il n\u2019a pas v\u00e9cus. Plus le temps va passer et plus la version du parent ali\u00e9nant deviendra \u00ab vraie \u00bb aux yeux de l\u2019enfant car ses souvenirs vont se reconstruire sur la base de la version qui lui est donn\u00e9e.\u201d<\/p>\n<\/blockquote>\n\n\n\n<blockquote class=\"wp-block-quote is-layout-flow wp-block-quote-is-layout-flow\">\n<p>\u201c\u00c0 court terme un enfant ali\u00e9n\u00e9 donne en g\u00e9n\u00e9ral l\u2019impression d\u2019aller bien, mais cela ne garantit pas pour autant un bon pronostic \u00e0 plus long terme. &nbsp; Comme un parent ali\u00e9nant veut appara\u00eetre comme un parent parfait, la scolarit\u00e9, les loisirs, les activit\u00e9s culturelles, tout cela peut para\u00eetre irr\u00e9prochable, mais l\u2019enfant risque de d\u00e9velopper un \u00ab faux self \u00bb c\u2019est-\u00e0-dire une personnalit\u00e9 de surface masquant sa v\u00e9ritable identit\u00e9, avec une apparence lisse et une fausse maturit\u00e9. Le clivage peut l\u2019amener \u00e0 se faire une repr\u00e9sentation manich\u00e9enne du monde avec d\u2019un c\u00f4t\u00e9 les bons, de l\u2019autre les mauvais, ce qui peut conduire \u00e0 une double pers\u00e9cution, l\u2019amenant \u00e0 se m\u00e9fier de tout ce qui est autre.\u201d<\/p>\n<\/blockquote>\n\n\n\n<blockquote class=\"wp-block-quote is-layout-flow wp-block-quote-is-layout-flow\">\n<p>\u201cCes enfants pr\u00e9sentent \u00e9galement un risque accru de troubles de la personnalit\u00e9 le plus souvent de type narcissique avec une intol\u00e9rance \u00e0 la frustration, une difficult\u00e9 \u00e0 g\u00e9rer l\u2019agressivit\u00e9 et une tendance \u00e0 se placer dans une position de toute-puissance. Il semble qu\u2019il pr\u00e9sente plus que d\u2019autres des troubles donc des conduites alimentaires et des conduites \u00e0 risques, toxicomanie et conduites antisociales.\u201d<\/p>\n<\/blockquote>\n\n\n\n<blockquote class=\"wp-block-quote is-layout-flow wp-block-quote-is-layout-flow\">\n<p>\u201cQuelle que soit l\u2019\u00e9volution de la probl\u00e9matique, l\u2019enfant mobilise toute son \u00e9nergie psychique pour se pr\u00e9server mais il ne pourra \u00e9viter l\u2019\u00e9mergence de sympt\u00f4mes d\u2019angoisse et de somatisation, migraines, asthme, ecz\u00e9ma ou des crises d\u2019angoisses. C\u2019est ainsi que l\u2019on voit parfois des enfants qui ont apparemment r\u00e9sist\u00e9 \u00e0 l\u2019ali\u00e9nation mais qui restent tr\u00e8s affect\u00e9s par ce des d\u00e9chirements familiaux.&nbsp; Si les enfants prennent conscience qu\u2019ils ont \u00e9t\u00e9 manipul\u00e9s, rendus complice d\u2019une grande injustice, ils auront \u00e0 <em>g\u00e9rer une \u00e9norme culpabilit\u00e9.\u201d<\/em><\/p>\n<\/blockquote>\n\n\n\n<blockquote class=\"wp-block-quote is-layout-flow wp-block-quote-is-layout-flow\">\n<p>\u201cDevant des premiers signes d\u2019Alienation Parentale il est essentiel de r\u00e9agir vite, car plus le temps passe, plus l\u2019enfant est en symbiose avec le parent ali\u00e9nant est plus en lien avec le parent rejet\u00e9 se d\u00e9lite. \u00c0 un certain moment, l\u2019enfant se comporte de fa\u00e7on beaucoup plus radicale que le parent ali\u00e9nant, il devient alors tr\u00e8s difficile d\u2019imposer la reprise de relation normale avec le parent rejet\u00e9. Dans une perspective de pr\u00e9vention, il serait m\u00eame pr\u00e9f\u00e9rable d\u2019agir d\u00e8s le premier passage devant un juge des parents qui se s\u00e9parent. \u00c0 cette occasion, on pourrait leur rappeler leur obligation d\u2019aider leurs enfants \u00e0 maintenir un lien avec l\u2019autre parent, leur dire que si l\u2019enfant se montre r\u00e9ticent \u00e0 voir l\u2019autre parent, c\u2019est \u00e0 eux qu\u2019incombe la responsabilit\u00e9 de le convaincre. En effet laisser un enfant refuser de voir un de ses parents, c\u2019est le placer dans une position de toute-puissance, ce qui est pr\u00e9judiciable pour son devenir psychique.\u201d<\/p>\n<\/blockquote>\n\n\n\n<blockquote class=\"wp-block-quote is-layout-flow wp-block-quote-is-layout-flow\">\n<p>\u201cEn cas de s\u00e9paration conflictuelle, les professionnels doivent apprendre \u00e0 rep\u00e9rer t\u00f4t le glissement du normal (difficult\u00e9 \u00e0 trouver sa place en tant que parent s\u00e9par\u00e9), vers le pathologique (instrumentalisation d\u2019un enfant l\u2019amenant \u00e0 rejeter l\u2019autre parent).&nbsp; Face \u00e0 des situations d\u2019Ali\u00e9nation Parentale, tout le monde peut se laisser manipuler. Un intervenant insuffisamment form\u00e9, face \u00e0 la d\u00e9termination apparente d\u2019un enfant, imaginera qu\u2019il lui faut le prot\u00e9ger d\u2019un parent abusif, alors que, dans la r\u00e9alit\u00e9, celui qui abuse n\u2019est pas celui dont l\u2019enfant se plaint.\u201d<\/p>\n<\/blockquote>\n\n\n\n<blockquote class=\"wp-block-quote is-layout-flow wp-block-quote-is-layout-flow\">\n<p>\u201cParents ali\u00e9nants et enfants ali\u00e9n\u00e9s sont tellement convaincus qu\u2019ils sont convaincants.\u201d<\/p>\n<\/blockquote>\n\n\n\n<p>Le Dr Poussin d\u2019ajouter que :<\/p>\n\n\n\n<blockquote class=\"wp-block-quote is-layout-flow wp-block-quote-is-layout-flow\">\n<p>\u201cSans aucunement pousser l\u2019enfant \u00e0 mentir, un parent qui est convaincu de la sup\u00e9riorit\u00e9 de sa position b\u00e9n\u00e9ficie d\u2019une grande capacit\u00e9 de suggestion, qui n\u2019est m\u00eame pas consciente, et qui influence l&rsquo;enfant jusqu\u2019\u00e0 un travertissement de la r\u00e9alit\u00e9.&nbsp; Il suffit en fait pour un parent de croire \u00e0 la nocivit\u00e9 de son ex-conjoint pour que l\u2019enfant y croie, et parfois de fa\u00e7on totalement fanatique\u201d <\/p>\n<\/blockquote>\n\n\n\n<blockquote class=\"wp-block-quote is-layout-flow wp-block-quote-is-layout-flow\">\n<p>\u201cC\u2019est au juge de pr\u00e9ciser le cadre, d\u2019\u00e9tablir des r\u00e8gles pr\u00e9cises concernant les \u00e9changes, y compris les coups de t\u00e9l\u00e9phone. Le juge devrait alors imposer un retour au lien rapidement c\u2019est-\u00e0-dire en quelques semaines et non en quelques mois.\u201d<\/p>\n<\/blockquote>\n\n\n\n<blockquote class=\"wp-block-quote is-layout-flow wp-block-quote-is-layout-flow\">\n<p>\u201cUne expertise peut se montrer utile pour \u00e9valuer le degr\u00e9 de gravit\u00e9 de l\u2019ali\u00e9nation, mais \u00e0 condition qu\u2019elle soit men\u00e9e par un expert form\u00e9 \u00e0 cette probl\u00e9matique, qu\u2019elle intervienne t\u00f4t et qu\u2019elle concerne l\u2019ensemble de la famille.\u201d<\/p>\n<\/blockquote>\n\n\n\n<blockquote class=\"wp-block-quote is-layout-flow wp-block-quote-is-layout-flow\">\n<p>\u201cUne psychoth\u00e9rapie permet de comprendre o\u00f9 se situe l\u2019appr\u00e9hension de l\u2019enfant \u00e0 l\u2019id\u00e9e de laisser le parent qu\u2019il rejette. Cela constitue un espace neutre qui permet \u00e0 l\u2019enfant de prendre de la distance par rapport au conflit parental et \u00e0 plus long terme cela lui permet de d\u00e9velopper son esprit critique.\u201d<\/p>\n<\/blockquote>\n\n\n\n<blockquote class=\"wp-block-quote is-layout-flow wp-block-quote-is-layout-flow\">\n<p>\u201cDans les cas d\u2019ali\u00e9nation les plus graves, la menace de sanction joue un r\u00f4le structurant chez le parent ali\u00e9nant car ces individus craignent l\u2019autorit\u00e9. Le juge peut alors imposer une mise \u00e0 l\u2019\u00e9preuve avec la menace d\u2019une modification du droit de visite et de l\u2019h\u00e9bergement, du transfert du droit de garde \u00e0 l\u2019autre parent, voir m\u00eame une menace de prison. Cela aurait au moins le m\u00e9rite de d\u00e9culpabiliser l\u2019enfant qui pourrait voir chacun de ses parents avec le pr\u00e9texte d\u2019\u00e9viter au p\u00e8re\/ \u00e0 la m\u00e8re ali\u00e9nant(e) d\u2019aller en prison.\u201d<br><\/p>\n<\/blockquote>\n\n\n\n<p><\/p>\n\n\n\n<p><\/p>\n","protected":false},"excerpt":{"rendered":"<p>Marie-France Hirigoyen, dans son livre Marie-France Hirigoyen, \u201cAbus de faiblesses et autres manipulations\u201d (Editions Jean-Claude Latt\u00e8s, 2012) exprime quelques \u00e9l\u00e9ments importants : \u201cUn parent ali\u00e9nant peut aller jusqu\u2019\u00e0 des d\u00e9nonciations abusives de violences physiques ou sexuelles aboutissant \u00e0 une suspension du droit de visite du parent suspect, ou bien si l\u2019enfant peut continuer \u00e0 voir le parent suspect, le&#46;&#46;&#46;<\/p>\n","protected":false},"author":2,"featured_media":0,"parent":0,"menu_order":0,"comment_status":"closed","ping_status":"closed","template":"","meta":{"_monsterinsights_skip_tracking":false,"_monsterinsights_sitenote_active":false,"_monsterinsights_sitenote_note":"","_monsterinsights_sitenote_category":0,"footnotes":""},"class_list":["post-206","page","type-page","status-publish","hentry"],"jetpack_sharing_enabled":true,"_links":{"self":[{"href":"https:\/\/alienation-parentale.be\/index.php?rest_route=\/wp\/v2\/pages\/206","targetHints":{"allow":["GET"]}}],"collection":[{"href":"https:\/\/alienation-parentale.be\/index.php?rest_route=\/wp\/v2\/pages"}],"about":[{"href":"https:\/\/alienation-parentale.be\/index.php?rest_route=\/wp\/v2\/types\/page"}],"author":[{"embeddable":true,"href":"https:\/\/alienation-parentale.be\/index.php?rest_route=\/wp\/v2\/users\/2"}],"replies":[{"embeddable":true,"href":"https:\/\/alienation-parentale.be\/index.php?rest_route=%2Fwp%2Fv2%2Fcomments&post=206"}],"version-history":[{"count":5,"href":"https:\/\/alienation-parentale.be\/index.php?rest_route=\/wp\/v2\/pages\/206\/revisions"}],"predecessor-version":[{"id":488,"href":"https:\/\/alienation-parentale.be\/index.php?rest_route=\/wp\/v2\/pages\/206\/revisions\/488"}],"wp:attachment":[{"href":"https:\/\/alienation-parentale.be\/index.php?rest_route=%2Fwp%2Fv2%2Fmedia&parent=206"}],"curies":[{"name":"wp","href":"https:\/\/api.w.org\/{rel}","templated":true}]}}