{"id":29,"date":"2024-07-19T14:13:13","date_gmt":"2024-07-19T12:13:13","guid":{"rendered":"http:\/\/alienation-parentale.be\/?page_id=29"},"modified":"2026-04-21T17:39:42","modified_gmt":"2026-04-21T15:39:42","slug":"page-dexemple-2","status":"publish","type":"page","link":"https:\/\/alienation-parentale.be\/?page_id=29","title":{"rendered":"Comment identifier l&rsquo;ali\u00e9nation parentale ?"},"content":{"rendered":"\n<p>Amy JL Baker, Psychologue am\u00e9ricaine, a mis au point une grille d&rsquo;\u00e9valuation de l&rsquo;ali\u00e9nation parentale bas\u00e9e sur 5 facteurs. Trois psychologues m\u00e9decins am\u00e9ricains William Bernet MD, Laurence L. Greenhill MD, et Demosthenes Lorandos MD, sp\u00e9cialistes en ali\u00e9nation parentale et praticiens ont \u00e9t\u00e9 confront\u00e9s au fait qu&rsquo;il est difficile de distinguer la v\u00e9rit\u00e9 quand un enfant est rentr\u00e9, m\u00eame au d\u00e9but, dans un processus d&rsquo;ali\u00e9nation parentale. Le conflit de loyaut\u00e9 envers ses deux parents, conflit dans lequel il est bien involontairement emmen\u00e9, le m\u00e8ne \u00e0 croire \u00e0 ses propres mensonges. Pire, il les alimente de lui-m\u00eame convaincu que ce qu&rsquo;il n&rsquo;a pas v\u00e9cu est bien la r\u00e9alit\u00e9 (ph\u00e9nom\u00e8ne du penseur ind\u00e9pendant). Ils ont donc valid\u00e9 cette grille au travers de leurs exp\u00e9riences. <\/p>\n\n\n\n<p>D\u00e8s lors comment savoir ce qui s&rsquo;est r\u00e9ellement pass\u00e9 ? Et l&rsquo;ali\u00e9nation parentale est-elle av\u00e9r\u00e9e oui ou non ? Pour le d\u00e9terminer donc Amy JL Baker a \u00e9labor\u00e9 une grille d&rsquo;\u00e9valuation simple qui a la qualit\u00e9 d&rsquo;objectiver de nombreux crit\u00e8res inh\u00e9rents \u00e0 l&rsquo;ali\u00e9nation parentale et de la distinguer de l&rsquo;\u00e9loignement parental.<\/p>\n\n\n\n<p>Cette grille constitue donc un excellent indicateur de pr\u00e9sence d&rsquo;ali\u00e9nation parentale ou d&rsquo;\u00e9loignement parental. Elle comporte 28 points subdivis\u00e9s en 5 facteurs. Chacun des 5 facteurs ne doit pas \u00eatre rempli. Plus il y a de points par facteur et au total, plus l&rsquo;ali\u00e9nation parentale est s\u00e9v\u00e8re. <a href=\"https:\/\/www.pasg.info\/external-resources\/the-five-factor-model-for-the-diagnosis-of-parental-alienation?rq=five\" data-type=\"link\" data-id=\"https:\/\/www.pasg.info\/external-resources\/the-five-factor-model-for-the-diagnosis-of-parental-alienation?rq=five\">Vous trouverez sur ce lien comment l&rsquo;interpr\u00e9ter<\/a> :<\/p>\n\n\n\n<p><strong><mark style=\"background-color:rgba(0, 0, 0, 0);color:#ff7ac3\" class=\"has-inline-color\">FACTEUR N\u00b01<\/mark><\/strong><\/p>\n\n\n\n<p>L&rsquo;enfant manifeste une r\u00e9sistance ou un refus de contact, c&rsquo;est-\u00e0-dire qu&rsquo;il \u00e9vite toute relation avec l&rsquo;un de ses parents.&nbsp; En fait, le parent ali\u00e9nant manipule son enfant ce qui cr\u00e9e une rupture de contacts avec l\u2019autre parent.<\/p>\n\n\n\n<p><strong><mark style=\"background-color:rgba(0, 0, 0, 0);color:#ff7ac3\" class=\"has-inline-color\">FACTEUR N\u00b02<\/mark><\/strong><\/p>\n\n\n\n<p>L&rsquo;existence auparavant d&rsquo;une relation positive entre l&rsquo;enfant et le parent rejet\u00e9.<\/p>\n\n\n\n<p><strong><mark style=\"background-color:rgba(0, 0, 0, 0);color:#ff7ac3\" class=\"has-inline-color\">FACTEUR N\u00b03<\/mark><\/strong><\/p>\n\n\n\n<p>L&rsquo;absence d&rsquo;abus, de n\u00e9gligence ou de d\u00e9ficience parentale grave de la part du parent rejet\u00e9.<\/p>\n\n\n\n<p><strong><mark style=\"background-color:rgba(0, 0, 0, 0);color:#ff7ac3\" class=\"has-inline-color\">FACTEUR N\u00b04<\/mark><\/strong><\/p>\n\n\n\n<p>Il faut que le PARENT PR\u00c9F\u00c9R\u00c9 ait manifest\u00e9 plusieurs des 17 comportements qui sont observ\u00e9s dans les cas d&rsquo;ali\u00e9nation parentale :<\/p>\n\n\n\n<p>1- Tenir des propos n\u00e9gatifs et m\u00e9disants sur l&rsquo;autre parent ;<\/p>\n\n\n\n<p>2- Limiter les contacts de l&rsquo;enfant avec le parent rejet\u00e9 ;<\/p>\n\n\n\n<p>3- Interf\u00e9rer sur les communications entre l&rsquo;enfant et le parent rejet\u00e9 ;<\/p>\n\n\n\n<p>4- Faire peu ou plus du tout r\u00e9f\u00e9rence au parent rejet\u00e9 ;<\/p>\n\n\n\n<p>5- Retenir son approbation quand l&rsquo;enfant manifeste son int\u00e9r\u00eat pour le parent rejet\u00e9 ;<\/p>\n\n\n\n<p>6 &#8211; Dire \u00e0 l&rsquo;enfant que son autre parent ne l&rsquo;aime pas, ou plus ;<\/p>\n\n\n\n<p>7- Permettre \u00e0 l&rsquo;enfant de choisir entre ses deux parents ;<\/p>\n\n\n\n<p>8- Cr\u00e9er l&rsquo;impression que l&rsquo;autre parent est dangereux ;<\/p>\n\n\n\n<p>9- Obliger ou inciter l&rsquo;enfant \u00e0 rejeter son autre parent ;<\/p>\n\n\n\n<p>10- Confier \u00e0 l&rsquo;enfant des informations qui ne concernent que les adultes ;<\/p>\n\n\n\n<p>11- Demander \u00e0 l&rsquo;enfant d&rsquo;espionner le parent rejet\u00e9 ;<\/p>\n\n\n\n<p>12- Demander \u00e0 l&rsquo;enfant de ne pas r\u00e9v\u00e9ler des informations ou des secrets au parent rejet\u00e9 ;<\/p>\n\n\n\n<p>13- Parler du parent rejet\u00e9 par son pr\u00e9nom (ou autre) pour le d\u00e9-parentaliser ;<\/p>\n\n\n\n<p>14- Parler du beau-parent en l&rsquo;appelant \u00ab\u00a0papa\u00a0\u00bb ou \u00ab\u00a0maman\u00a0\u00bb ;<\/p>\n\n\n\n<p>15- Faire de la r\u00e9tention d&rsquo;informations m\u00e9dicales, sociales ou scolaires ;<\/p>\n\n\n\n<p>16- Changer le patronyme des enfants pour faire dispara\u00eetre le lien de parentalit\u00e9 ;<\/p>\n\n\n\n<p>17- Saper l&rsquo;autorit\u00e9 du parent rejet\u00e9<\/p>\n\n\n\n<p><strong><mark style=\"background-color:rgba(0, 0, 0, 0);color:#ff7ac3\" class=\"has-inline-color\">FACTEUR N\u00b05<\/mark><\/strong><\/p>\n\n\n\n<p>Les 8 signes d&rsquo;ali\u00e9nation parentale que manifeste L&rsquo;ENFANT ALI\u00c9N\u00c9 :<\/p>\n\n\n\n<p>1- Campagne de d\u00e9nigrement : l&rsquo;enfant r\u00e9p\u00e8te une liste de critiques \u00e0 l&rsquo;encontre du parent rejet\u00e9 aux travailleurs sociaux, avocats, m\u00e9diateurs et finalement devant le juge ;<\/p>\n\n\n\n<p>2- Des raisonnements faibles, frivoles et absurdes pour justifier son rejet de l&rsquo;autre parent ;<\/p>\n\n\n\n<p>3- Absence d&rsquo;ambivalence tant vis-\u00e0-vis du parent rejet\u00e9 (qui repr\u00e9sente le Mal) que du parent pr\u00e9f\u00e9r\u00e9 (qui repr\u00e9sente le Bien) ;<\/p>\n\n\n\n<p>4- Ph\u00e9nom\u00e8ne du penseur ind\u00e9pendant : l&rsquo;enfant atteste que la d\u00e9cision de couper le lien avec l&rsquo;autre parent vient uniquement de lui sans pression ext\u00e9rieure ;<\/p>\n\n\n\n<p>5- Absence de culpabilit\u00e9 de son comportement brutal et violent \u00e0 l&rsquo;encontre du parent rejet\u00e9 ;<\/p>\n\n\n\n<p>6- Soutien inconditionnel au parent pr\u00e9f\u00e9r\u00e9 dans le conflit parental ;<\/p>\n\n\n\n<p>7- R\u00e9f\u00e9rence \u00e0 des sc\u00e9narios emprunt\u00e9s, accusant le parent rejet\u00e9 en utilisant les m\u00eames raisons et terminologies que le parent pr\u00e9f\u00e9r\u00e9 ;<\/p>\n\n\n\n<p>8- Extension du rejet \u00e0 toute la famille du parent rejet\u00e9 (animaux de compagnie y compris);<\/p>\n\n\n\n<p><\/p>\n\n\n\n<p>Vous cochez un nombre important de cases ? Probablement que vous \u00eates en situation d&rsquo;ali\u00e9nation parentale ! <\/p>\n","protected":false},"excerpt":{"rendered":"<p>Amy JL Baker, Psychologue am\u00e9ricaine, a mis au point une grille d&rsquo;\u00e9valuation de l&rsquo;ali\u00e9nation parentale bas\u00e9e sur 5 facteurs. Trois psychologues m\u00e9decins am\u00e9ricains William Bernet MD, Laurence L. Greenhill MD, et Demosthenes Lorandos MD, sp\u00e9cialistes en ali\u00e9nation parentale et praticiens ont \u00e9t\u00e9 confront\u00e9s au fait qu&rsquo;il est difficile de distinguer la v\u00e9rit\u00e9 quand un enfant est rentr\u00e9, m\u00eame au&#46;&#46;&#46;<\/p>\n","protected":false},"author":2,"featured_media":0,"parent":0,"menu_order":0,"comment_status":"closed","ping_status":"closed","template":"","meta":{"_monsterinsights_skip_tracking":false,"_monsterinsights_sitenote_active":false,"_monsterinsights_sitenote_note":"","_monsterinsights_sitenote_category":0,"footnotes":""},"class_list":["post-29","page","type-page","status-publish","hentry"],"jetpack_sharing_enabled":true,"_links":{"self":[{"href":"https:\/\/alienation-parentale.be\/index.php?rest_route=\/wp\/v2\/pages\/29","targetHints":{"allow":["GET"]}}],"collection":[{"href":"https:\/\/alienation-parentale.be\/index.php?rest_route=\/wp\/v2\/pages"}],"about":[{"href":"https:\/\/alienation-parentale.be\/index.php?rest_route=\/wp\/v2\/types\/page"}],"author":[{"embeddable":true,"href":"https:\/\/alienation-parentale.be\/index.php?rest_route=\/wp\/v2\/users\/2"}],"replies":[{"embeddable":true,"href":"https:\/\/alienation-parentale.be\/index.php?rest_route=%2Fwp%2Fv2%2Fcomments&post=29"}],"version-history":[{"count":16,"href":"https:\/\/alienation-parentale.be\/index.php?rest_route=\/wp\/v2\/pages\/29\/revisions"}],"predecessor-version":[{"id":1301,"href":"https:\/\/alienation-parentale.be\/index.php?rest_route=\/wp\/v2\/pages\/29\/revisions\/1301"}],"wp:attachment":[{"href":"https:\/\/alienation-parentale.be\/index.php?rest_route=%2Fwp%2Fv2%2Fmedia&parent=29"}],"curies":[{"name":"wp","href":"https:\/\/api.w.org\/{rel}","templated":true}]}}